{"id":1914,"date":"2022-02-25T15:47:18","date_gmt":"2022-02-25T14:47:18","guid":{"rendered":"https:\/\/artstream.com\/?page_id=1914"},"modified":"2022-12-09T11:48:56","modified_gmt":"2022-12-09T10:48:56","slug":"legal-info","status":"publish","type":"page","link":"https:\/\/artstream.com\/de\/legal-info\/","title":{"rendered":"Impressum"},"content":{"rendered":"<h2>Impressum<\/h2>\n<p>\u00a0<\/p>\n<p>LUMAS Art Editions GmbH ist Eigent\u00fcmer der App und Webseite <a href=\"http:\/\/www.artstream.com,\u00a0\" rel=\"nofollow\">http:\/\/www.artstream.com,\u00a0<\/a><br \/>ARTSTREAM by LUMAS Art Editions GmbH \u00a0<br \/>Ernst-Reuter-Platz 2\u00a0<br \/>10587 Berlin\u00a0<\/p>\n<p>Deutschland\u00a0<\/p>\n<p>\u00a0<\/p>\n<p>Telefon : 030 30 30 69 69\u00a0<\/p>\n<p>E-Mail: legal@lumas.com\u00a0<\/p>\n<p>Handelsregister: Amtsgericht Berlin-Charlottenburg\u00a0<\/p>\n<p>Handelsregisternummer: HRB 201957\u00a0<\/p>\n<p>Ust.-Ident.-Nr. DE 327075981\u00a0<\/p>\n<p>Gesch\u00e4ftsf\u00fchrer: Marc Alexander Ullrich, Mark Beyer, Michaela Schreiber, Zelda Frauke Vilmar\u00a0<\/p>\n<p>Verantwortlicher i.S.d. \u00a7 55 Abs. 2 RStV: Marc Alexander Ullrich, LUMAS Art Editions GmbH, Ernst-Reuter-Platz 2, 10587 Berlin\u00a0<\/p>\n<p>Verantwortlicher i.S.d. \u00a7 55 Abs. 2 RStV: Marc Alexander Ullrich, LUMAS Art Editions GmbH, Ernst-Reuter-Platz 2, 10587 Berlin\u00a0<\/p>\n<p>E-Mail f\u00fcr KUNDEN SERVICE ist: support@artstream.com.\u00a0\u00a0<\/p>\n<p>Wir empfehlen dir dringend, diese rechtlichen Hinweise und andere ARTSTREAM-Richtlinien (Datenschutzrichtlinie, Allgemeine Gesch\u00e4ftsbedingungen) sorgf\u00e4ltig zu lesen, bevor du unsere Website und Dienste nutzt.\u00a0<\/p>\n<p>\u00a0<\/p>\n<p>Mit der Nutzung dieser Website erkl\u00e4rst du dich mit allen in diesem Rechtshinweis und anderen Rechtsdokumenten enthaltenen Bedingungen einverstanden und verpflichtest dich, jederzeit deutsches Recht einzuhalten, unter ausdr\u00fccklichem Verzicht auf jede andere Gerichtsbarkeit.<\/p>\n<p><strong>Garantien und Haftungsausschl\u00fcsse<\/strong><\/p>\n<p>ARTSTREAM bietet \u00fcber seine Website Informationen und Dienstleistungen ohne Garantie f\u00fcr die N\u00fctzlichkeit, Genauigkeit, Vollst\u00e4ndigkeit oder Relevanz der Inhalte.\u00a0<\/p>\n<p>Der Nutzer erkennt an, dass die Nutzung der Website jederzeit unter seiner alleinigen und ausschlie\u00dflichen Verantwortung erfolgt und akzeptiert dies ausdr\u00fccklich. Infolgedessen verpflichtet sich der Benutzer, keine Handlungen vorzunehmen, die gegen das Gesetz oder die in diesem Rechtshinweis enthaltenen Bedingungen versto\u00dfen, wie z. B. der Zugriff auf die Website durch mechanische Systeme, die Einf\u00fchrung von Programmen oder anderen sch\u00e4dlichen Elementen, die die Website besch\u00e4digen, deaktivieren oder \u00fcberlasten k\u00f6nnten.\u00a0<\/p>\n<p>ARTSTREAM beh\u00e4lt sich das Recht vor, jederzeit und ohne Vorank\u00fcndigung die Informationen, das Aussehen und die Struktur dieser Website zu \u00e4ndern, sowie das Recht, Informationen zu l\u00f6schen oder die Zug\u00e4nglichkeit der Website auszusetzen.\u00a0<\/p>\n<p>\u00a0<\/p>\n<p>ARTSTREAM \u00fcbernimmt keine Garantie:\u00a0\u00a0<\/p>\n<p>a) Das Nichtvorhandensein von Unterbrechungen oder Fehlern bei der Nutzung der Website und es wird nicht f\u00fcr technische Probleme oder M\u00e4ngel bei der Internetverbindung verantwortlich sein.\u00a0<\/p>\n<p>b) Ebenso schlie\u00dft der Inhaber der Website jede Haftung aus, die sich aus St\u00f6rungen, Unterlassungen und Computerviren ergeben k\u00f6nnte, die durch Gr\u00fcnde au\u00dferhalb des Inhabers der Website verursacht werden, sowie aus Sch\u00e4den, die von Dritten durch unerlaubte Eingriffe au\u00dferhalb der Kontrolle des Inhabers der Website verursacht werden. Das Unternehmen garantiert nicht das Nichtvorhandensein von Viren oder anderen sch\u00e4dlichen Elementen, die Ver\u00e4nderungen an den Computersystemen (Hardware und Software) des Benutzers oder an seinen elektronischen Dokumenten und Dateien, die in den Systemen enthalten sind, verursachen k\u00f6nnen, und schlie\u00dft daher jede Haftung f\u00fcr Sch\u00e4den an den Computersystemen, elektronischen Dokumenten und Dateien des Benutzers aus.\u00a0<\/p>\n<p>c) Jeder Hyperlink von Dritten zu dieser Website sollte mit der Haupt- oder Startseite verkn\u00fcpft werden.<\/p>\n<p>Jeder Hyperlink von Dritten muss vorher schriftlich von ARTSTREAM genehmigt werden. Folglich w\u00e4re es nicht erlaubt, diese Website zu ver\u00e4ndern, einzuschr\u00e4nken oder irgendeine Art von Meinung zu bilden, um die Einhaltung der Bestimmungen dieser Gesetzgebung zu gew\u00e4hrleisten. <br \/>Im Falle von nicht kontrollierten Hyperlinks haftet ARTSTREAM nicht f\u00fcr Sch\u00e4den oder Folgen, die durch deren Nutzung entstehen.<\/p>\n<p><strong>Copyright<\/strong><\/p>\n<p>\u00a9 Copyright 2003-2022 LUMAS Art Editions GmbH. Alle Rechte vorbehalten. \u00a9 f\u00fcr alle Bilder der genannten K\u00fcnstler, Verwendung nur nach vertraglicher Vereinbarung mit LUMAS. \u00a9 F\u00fcr alle Texte der genannten K\u00fcnstler. Kein Teil der LUMAS-Website darf ohne vorherige schriftliche Zustimmung in analoger oder digitaler Form kopiert, wiederverwendet, vervielf\u00e4ltigt, verbreitet, ver\u00f6ffentlicht oder in sonstiger Weise genutzt werden.\u00a0<\/p>\n<p>Der Zugang und das Surfen auf dieser Website oder die Anmietung und Nutzung der dort angebotenen Dienstleistungen bedeuten unter keinen Umst\u00e4nden eine vollst\u00e4ndige oder teilweise \u00dcbertragung der geistigen und gewerblichen Eigentumsrechte an den Nutzer. Daher liegt die alleinige Aus\u00fcbung dieser Rechte bei LUMAS Art Editions GmbH, und jede \u00dcbertragung, Vervielf\u00e4ltigung, Verbreitung, \u00f6ffentliche Mitteilung oder vollst\u00e4ndige oder teilweise \u00c4nderung ohne vorherige Genehmigung des Unternehmens ist ausdr\u00fccklich verboten.<\/p>\n","protected":false},"excerpt":{"rendered":"<p>Impressum \u00a0 LUMAS Art Editions GmbH ist Eigent\u00fcmer der App und Webseite <a href=\"http:\/\/www.artstream.com,\u00a0ARTSTREAM\" rel=\"nofollow\">http:\/\/www.artstream.com,\u00a0ARTSTREAM<\/a> by LUMAS Art Editions GmbH \u00a0Ernst-Reuter-Platz 2\u00a010587 Berlin\u00a0 Deutschland\u00a0 \u00a0 Telefon : 030 30 30 69 69\u00a0 E-Mail: <a href=\"mailto:legal@lumas.com\">legal@lumas.com<\/a>\u00a0 Handelsregister: Amtsgericht Berlin-Charlottenburg\u00a0 Handelsregisternummer: HRB 201957\u00a0 Ust.-Ident.-Nr. DE 327075981\u00a0 Gesch\u00e4ftsf\u00fchrer: Marc Alexander Ullrich, Mark Beyer, Michaela Schreiber, Zelda Frauke Vilmar\u00a0 Verantwortlicher i.S.d. \u00a7 &hellip; <\/p>\n<p class=\"link-more\"><a href=\"https:\/\/artstream.com\/de\/legal-info\/\" class=\"more-link\">Mehr <span class=\"screen-reader-text\">\u00fcber &#8222;Impressum&#8220; <\/span>Lesen<\/a><\/p>\n","protected":false},"author":214503035,"featured_media":0,"parent":0,"menu_order":0,"comment_status":"closed","ping_status":"closed","template":"elementor_header_footer","meta":{"_crdt_document":"","footnotes":""},"class_list":["post-1914","page","type-page","status-publish","hentry"],"translation":{"provider":"WPGlobus","version":"2.12.2","language":"de","enabled_languages":["en","de","fr"],"languages":{"en":{"title":true,"content":true,"excerpt":false},"de":{"title":true,"content":true,"excerpt":false},"fr":{"title":true,"content":true,"excerpt":false}}},"yoast_head":"<!-- This site is optimized with the Yoast SEO plugin v27.5 - https:\/\/yoast.com\/product\/yoast-seo-wordpress\/ -->\n<title>Impressum - Galerie-Kunst auf deinem TV<\/title>\n<meta name=\"robots\" content=\"index, follow, max-snippet:-1, max-image-preview:large, max-video-preview:-1\" \/>\n<link rel=\"canonical\" href=\"https:\/\/artstream.com\/legal-info\/\" \/>\n<meta property=\"og:locale\" content=\"de_DE\" \/>\n<meta property=\"og:type\" content=\"article\" \/>\n<meta property=\"og:title\" content=\"Impressum - Galerie-Kunst auf deinem TV\" \/>\n<meta property=\"og:url\" content=\"https:\/\/artstream.com\/legal-info\/\" \/>\n<meta property=\"og:site_name\" content=\"Galerie-Kunst auf deinem TV\" \/>\n<meta property=\"article:modified_time\" content=\"2022-12-09T10:48:56+00:00\" \/>\n<meta name=\"twitter:card\" content=\"summary_large_image\" \/>\n<meta name=\"twitter:label1\" content=\"Gesch\u00e4tzte Lesezeit\" \/>\n\t<meta name=\"twitter:data1\" content=\"4\u00a0Minuten\" \/>\n<script type=\"application\/ld+json\" class=\"yoast-schema-graph\">{\"@context\":\"https:\\\/\\\/schema.org\",\"@graph\":[{\"@type\":\"WebPage\",\"@id\":\"https:\\\/\\\/artstream.com\\\/legal-info\\\/\",\"url\":\"https:\\\/\\\/artstream.com\\\/legal-info\\\/\",\"name\":\"Impressum - Galerie-Kunst auf deinem TV\",\"isPartOf\":{\"@id\":\"https:\\\/\\\/artstream.com\\\/de\\\/#website\"},\"datePublished\":\"2022-02-25T14:47:18+00:00\",\"dateModified\":\"2022-12-09T10:48:56+00:00\",\"breadcrumb\":{\"@id\":\"https:\\\/\\\/artstream.com\\\/legal-info\\\/#breadcrumb\"},\"inLanguage\":\"de\",\"potentialAction\":[{\"@type\":\"ReadAction\",\"target\":[\"https:\\\/\\\/artstream.com\\\/legal-info\\\/\"]}]},{\"@type\":\"BreadcrumbList\",\"@id\":\"https:\\\/\\\/artstream.com\\\/legal-info\\\/#breadcrumb\",\"itemListElement\":[{\"@type\":\"ListItem\",\"position\":1,\"name\":\"Home\",\"item\":\"https:\\\/\\\/artstream.com\\\/\"},{\"@type\":\"ListItem\",\"position\":2,\"name\":\"Legal info\"}]},{\"@type\":\"WebSite\",\"@id\":\"https:\\\/\\\/artstream.com\\\/de\\\/#website\",\"url\":\"https:\\\/\\\/artstream.com\\\/de\\\/\",\"name\":\"Galerie-Kunst auf deinem TV\",\"description\":\"Mit ARTSTREAM genie\u00dft du Galerie-Kunst auf all deinen Bildschirmen. Streame eine Sammlung kuratierter Kunstwerke ganz nach Stimmung und Anlass und entdecke eine unbeschreibliche Vielfalt. \",\"publisher\":{\"@id\":\"https:\\\/\\\/artstream.com\\\/de\\\/#organization\"},\"potentialAction\":[{\"@type\":\"SearchAction\",\"target\":{\"@type\":\"EntryPoint\",\"urlTemplate\":\"https:\\\/\\\/artstream.com\\\/de\\\/?s={search_term_string}\"},\"query-input\":{\"@type\":\"PropertyValueSpecification\",\"valueRequired\":true,\"valueName\":\"search_term_string\"}}],\"inLanguage\":\"de\"},{\"@type\":\"Organization\",\"@id\":\"https:\\\/\\\/artstream.com\\\/de\\\/#organization\",\"name\":\"Galerie-Kunst auf deinem TV\",\"url\":\"https:\\\/\\\/artstream.com\\\/de\\\/\",\"logo\":{\"@type\":\"ImageObject\",\"inLanguage\":\"de\",\"@id\":\"https:\\\/\\\/artstream.com\\\/de\\\/#\\\/schema\\\/logo\\\/image\\\/\",\"url\":\"https:\\\/\\\/i0.wp.com\\\/artstream.com\\\/wp-content\\\/uploads\\\/2022\\\/01\\\/logo-65x65-1.png?fit=65%2C65&ssl=1\",\"contentUrl\":\"https:\\\/\\\/i0.wp.com\\\/artstream.com\\\/wp-content\\\/uploads\\\/2022\\\/01\\\/logo-65x65-1.png?fit=65%2C65&ssl=1\",\"width\":65,\"height\":65,\"caption\":\"Galerie-Kunst auf deinem TV\"},\"image\":{\"@id\":\"https:\\\/\\\/artstream.com\\\/de\\\/#\\\/schema\\\/logo\\\/image\\\/\"}}]}<\/script>\n<!-- \/ Yoast SEO plugin. -->","yoast_head_json":{"title":"Impressum - Galerie-Kunst auf deinem TV","robots":{"index":"index","follow":"follow","max-snippet":"max-snippet:-1","max-image-preview":"max-image-preview:large","max-video-preview":"max-video-preview:-1"},"canonical":"https:\/\/artstream.com\/legal-info\/","og_locale":"de_DE","og_type":"article","og_title":"Impressum - Galerie-Kunst auf deinem TV","og_url":"https:\/\/artstream.com\/legal-info\/","og_site_name":"Galerie-Kunst auf deinem TV","article_modified_time":"2022-12-09T10:48:56+00:00","twitter_card":"summary_large_image","twitter_misc":{"Gesch\u00e4tzte Lesezeit":"4\u00a0Minuten"},"schema":{"@context":"https:\/\/schema.org","@graph":[{"@type":"WebPage","@id":"https:\/\/artstream.com\/legal-info\/","url":"https:\/\/artstream.com\/legal-info\/","name":"Impressum - Galerie-Kunst auf deinem TV","isPartOf":{"@id":"https:\/\/artstream.com\/de\/#website"},"datePublished":"2022-02-25T14:47:18+00:00","dateModified":"2022-12-09T10:48:56+00:00","breadcrumb":{"@id":"https:\/\/artstream.com\/legal-info\/#breadcrumb"},"inLanguage":"de","potentialAction":[{"@type":"ReadAction","target":["https:\/\/artstream.com\/legal-info\/"]}]},{"@type":"BreadcrumbList","@id":"https:\/\/artstream.com\/legal-info\/#breadcrumb","itemListElement":[{"@type":"ListItem","position":1,"name":"Home","item":"https:\/\/artstream.com\/"},{"@type":"ListItem","position":2,"name":"Legal info"}]},{"@type":"WebSite","@id":"https:\/\/artstream.com\/de\/#website","url":"https:\/\/artstream.com\/de\/","name":"Galerie-Kunst auf deinem TV","description":"Mit ARTSTREAM genie\u00dft du Galerie-Kunst auf all deinen Bildschirmen. Streame eine Sammlung kuratierter Kunstwerke ganz nach Stimmung und Anlass und entdecke eine unbeschreibliche Vielfalt. ","publisher":{"@id":"https:\/\/artstream.com\/de\/#organization"},"potentialAction":[{"@type":"SearchAction","target":{"@type":"EntryPoint","urlTemplate":"https:\/\/artstream.com\/de\/?s={search_term_string}"},"query-input":{"@type":"PropertyValueSpecification","valueRequired":true,"valueName":"search_term_string"}}],"inLanguage":"de"},{"@type":"Organization","@id":"https:\/\/artstream.com\/de\/#organization","name":"Galerie-Kunst auf deinem TV","url":"https:\/\/artstream.com\/de\/","logo":{"@type":"ImageObject","inLanguage":"de","@id":"https:\/\/artstream.com\/de\/#\/schema\/logo\/image\/","url":"https:\/\/i0.wp.com\/artstream.com\/wp-content\/uploads\/2022\/01\/logo-65x65-1.png?fit=65%2C65&ssl=1","contentUrl":"https:\/\/i0.wp.com\/artstream.com\/wp-content\/uploads\/2022\/01\/logo-65x65-1.png?fit=65%2C65&ssl=1","width":65,"height":65,"caption":"Galerie-Kunst auf deinem TV"},"image":{"@id":"https:\/\/artstream.com\/de\/#\/schema\/logo\/image\/"}}]}},"jetpack_likes_enabled":true,"jetpack_sharing_enabled":true,"jetpack_shortlink":"https:\/\/wp.me\/PdyLxF-uS","featured_media_urls":[],"amp_enabled":false,"_links":{"self":[{"href":"https:\/\/artstream.com\/de\/wp-json\/wp\/v2\/pages\/1914","targetHints":{"allow":["GET"]}}],"collection":[{"href":"https:\/\/artstream.com\/de\/wp-json\/wp\/v2\/pages"}],"about":[{"href":"https:\/\/artstream.com\/de\/wp-json\/wp\/v2\/types\/page"}],"author":[{"embeddable":true,"href":"https:\/\/artstream.com\/de\/wp-json\/wp\/v2\/users\/214503035"}],"replies":[{"embeddable":true,"href":"https:\/\/artstream.com\/de\/wp-json\/wp\/v2\/comments?post=1914"}],"version-history":[{"count":40,"href":"https:\/\/artstream.com\/de\/wp-json\/wp\/v2\/pages\/1914\/revisions"}],"predecessor-version":[{"id":3766,"href":"https:\/\/artstream.com\/de\/wp-json\/wp\/v2\/pages\/1914\/revisions\/3766"}],"wp:attachment":[{"href":"https:\/\/artstream.com\/de\/wp-json\/wp\/v2\/media?parent=1914"}],"curies":[{"name":"wp","href":"https:\/\/api.w.org\/{rel}","templated":true}]}}