{"id":2874,"date":"2022-10-12T09:59:13","date_gmt":"2022-10-12T07:59:13","guid":{"rendered":"https:\/\/artstream.com\/?page_id=2874"},"modified":"2022-12-09T11:14:49","modified_gmt":"2022-12-09T10:14:49","slug":"privacy-policy","status":"publish","type":"page","link":"https:\/\/artstream.com\/de\/privacy-policy\/","title":{"rendered":"Datenschutz"},"content":{"rendered":"<h2>Datenschutz<\/h2>\n<p>Die LUMAS Art Editions GmbH garantiert als f\u00fcr die Verarbeitung Verantwortlicher im Sinne der Datenschutz-Grundverordnung (2016\/679) einen angemessenen und einheitlichen Schutz nat\u00fcrlicher Personen bei der Verarbeitung deiner personenbezogenen Daten durch das Unternehmen.<\/p>\n<p>Die LUMAS Art Editions GmbH verarbeitet personenbezogene Daten verantwortungsbewusst, gewissenhaft und in \u00dcbereinstimmung mit der gesetzlichen Grundlage, die die Verarbeitung erm\u00f6glicht. Die LUMAS Art Editions GmbH hat die erforderlichen und angemessenen Sicherheitsma\u00dfnahmen ergriffen, um Risiken vorzubeugen, die sich aus der Verarbeitung der personenbezogenen Daten f\u00fcr die Rechte und Freiheiten der betroffenen Personen ergeben k\u00f6nnten.<\/p>\n<p>Im Folgenden bieten wir dir umfangreiche Zusatzinformationen zu den spezifischen Verarbeitungst\u00e4tigkeiten von ARTSTREAM by LUMAS Art Editions GmbH<\/p>\n<p>Zus\u00e4tzliche Informationen zum Datenschutz<\/p>\n<p><strong>Verantwortlicher f\u00fcr die Datenverarbeitung <\/strong><\/p>\n<p>Name: ARTSTREAM by LUMAS Art Editions GmbH\u00a0<\/p>\n<p>Adresse: Ernst-Reuter-Platz 2, 10587 Berlin, Deutschland\u00a0<\/p>\n<p>E-Mail-Adresse: support@artstream.com\u00a0<\/p>\n<p>Zweck der Datenverarbeitung und Aufbewahrung<\/p>\n<p>Die ARTSTREAM by LUMAS Art Editions GmbH verarbeitet deine personenbezogenen Daten, um:\u00a0<\/p>\n<ul>\n<li>Beantwortung deiner Fragen oder Informationsanfragen<\/li>\n<li>Um dir kommerzielle Mitteilungen \u00fcber unsere Produkte oder Dienstleistungen zu senden<\/li>\n<\/ul>\n<p>Sobald der Zweck, f\u00fcr den deine Daten erhoben wurden, erf\u00fcllt ist, werden sie vernichtet und nur die Daten aufbewahrt, die zur Bearbeitung von Beschwerden oder zur Einhaltung der geltenden Rechtsvorschriften erforderlich sind.\u00a0<\/p>\n<p><strong>Rechtm\u00e4\u00dfigkeit der Datenverarbeitung<\/strong><\/p>\n<p>Die rechtm\u00e4\u00dfige Grundlage, die uns zur Verarbeitung deiner Daten berechtigt, ist:\u00a0<\/p>\n<ul>\n<li>Kontakte: die von dir erteilte Zustimmung, wenn du uns online kontaktierst, und unser legitimiertes Interesse, dir kommerzielle Mitteilungen zu senden.<\/li>\n<li>Kommerzielle Kommunikation: unser legitimiertes Interesse, dich \u00fcber unsere Dienstleistungen zu informieren.<\/li>\n<\/ul>\n<p><strong>Empf\u00e4nger deiner Daten<\/strong><\/p>\n<p>Deine Daten d\u00fcrfen nicht an Dritte weitergegeben werden, es sei denn, dies ist gesetzlich vorgeschrieben.<\/p>\n<p>Rechte der betreffenden Partei<\/p>\n<p>Die Nutzer unserer Website haben das Recht auf:\u00a0<\/p>\n<ul>\n<li>Zugang zu deinen Daten zu erhalten, sie zu berichtigen, ihnen zu widersprechen oder ihre L\u00f6schung zu verlangen, wenn du der Ansicht bist, dass sie f\u00fcr den Zweck, f\u00fcr den sie erhoben wurden, nicht mehr erforderlich sind, sowie die Daten\u00fcbertragung zu gew\u00e4hrleisten.<\/li>\n<li>Einschr\u00e4nkung der Verarbeitung: In diesem Fall werden nur die Daten gespeichert, die f\u00fcr die Bearbeitung von Beschwerden unbedingt erforderlich sind.<\/li>\n<li>Deine Zustimmung jederzeit widerrufen.<\/li>\n<\/ul>\n<p>Weitere Informationen \u00fcber die Verarbeitung, Verfahren und Dienstleistungen:<\/p>\n<p>Google Fonts (Bezug vom Google-Server): Bezug von Schriften (und Symbolen) zum Zwecke der technisch sicheren, wartungsfreien und effizienten Nutzung von Schriften und Symbolen im Hinblick auf Aktualit\u00e4t und Ladezeiten, deren einheitliche Darstellung und Ber\u00fccksichtigung m\u00f6glicher lizenzrechtlicher Einschr\u00e4nkungen. Dem Anbieter der Schriftarten wird die IP-Adresse des Nutzers mitgeteilt, damit die Schriftarten im Browser des Nutzers zur Verf\u00fcgung gestellt werden k\u00f6nnen. Dar\u00fcber hinaus werden technische Daten (Spracheinstellungen, Bildschirmaufl\u00f6sung, Betriebssystem, verwendete Hardware) \u00fcbermittelt, die f\u00fcr die Bereitstellung der Schriften in Abh\u00e4ngigkeit von den verwendeten Ger\u00e4ten und der technischen Umgebung notwendig sind. Dienstanbieter: Google Ireland Limited, Gordon House, Barrow Street, Dublin 4, Irland; Rechtsgrundlage: Legitime Interessen (Art. 6 Abs. 1 S. 1 lit. f) DSGVO); Webseite:<a href=\"https:\/\/fonts.google.com\/\" rel=\"nofollow\">https:\/\/fonts.google.com\/<\/a>; Privacy policy:<a href=\"https:\/\/policies.google.com\/privacy\" rel=\"nofollow\">https:\/\/policies.google.com\/privacy<\/a><\/p>\n","protected":false},"excerpt":{"rendered":"<p>Datenschutz Die LUMAS Art Editions GmbH garantiert als f\u00fcr die Verarbeitung Verantwortlicher im Sinne der Datenschutz-Grundverordnung (2016\/679) einen angemessenen und einheitlichen Schutz nat\u00fcrlicher Personen bei der Verarbeitung deiner personenbezogenen Daten durch das Unternehmen. Die LUMAS Art Editions GmbH verarbeitet personenbezogene Daten verantwortungsbewusst, gewissenhaft und in \u00dcbereinstimmung mit der gesetzlichen Grundlage, die die Verarbeitung erm\u00f6glicht. Die &hellip; <\/p>\n<p class=\"link-more\"><a href=\"https:\/\/artstream.com\/de\/privacy-policy\/\" class=\"more-link\">Mehr <span class=\"screen-reader-text\">\u00fcber &#8222;Datenschutz&#8220; <\/span>Lesen<\/a><\/p>\n","protected":false},"author":214503035,"featured_media":0,"parent":0,"menu_order":0,"comment_status":"closed","ping_status":"closed","template":"elementor_header_footer","meta":{"_crdt_document":"","footnotes":""},"class_list":["post-2874","page","type-page","status-publish","hentry"],"translation":{"provider":"WPGlobus","version":"2.12.2","language":"de","enabled_languages":["en","de","fr"],"languages":{"en":{"title":true,"content":true,"excerpt":false},"de":{"title":true,"content":true,"excerpt":false},"fr":{"title":true,"content":true,"excerpt":false}}},"yoast_head":"<!-- This site is optimized with the Yoast SEO plugin v27.5 - https:\/\/yoast.com\/product\/yoast-seo-wordpress\/ -->\n<title>Datenschutz - Galerie-Kunst auf deinem TV<\/title>\n<meta name=\"robots\" content=\"index, follow, max-snippet:-1, max-image-preview:large, max-video-preview:-1\" \/>\n<link rel=\"canonical\" href=\"https:\/\/artstream.com\/privacy-policy\/\" \/>\n<meta property=\"og:locale\" content=\"de_DE\" \/>\n<meta property=\"og:type\" content=\"article\" \/>\n<meta property=\"og:title\" content=\"Datenschutz - Galerie-Kunst auf deinem TV\" \/>\n<meta property=\"og:url\" content=\"https:\/\/artstream.com\/privacy-policy\/\" \/>\n<meta property=\"og:site_name\" content=\"Galerie-Kunst auf deinem TV\" \/>\n<meta property=\"article:modified_time\" content=\"2022-12-09T10:14:49+00:00\" \/>\n<meta name=\"twitter:card\" content=\"summary_large_image\" \/>\n<meta name=\"twitter:label1\" content=\"Gesch\u00e4tzte Lesezeit\" \/>\n\t<meta name=\"twitter:data1\" content=\"3\u00a0Minuten\" \/>\n<script type=\"application\/ld+json\" class=\"yoast-schema-graph\">{\"@context\":\"https:\\\/\\\/schema.org\",\"@graph\":[{\"@type\":\"WebPage\",\"@id\":\"https:\\\/\\\/artstream.com\\\/privacy-policy\\\/\",\"url\":\"https:\\\/\\\/artstream.com\\\/privacy-policy\\\/\",\"name\":\"Datenschutz - Galerie-Kunst auf deinem TV\",\"isPartOf\":{\"@id\":\"https:\\\/\\\/artstream.com\\\/de\\\/#website\"},\"datePublished\":\"2022-10-12T07:59:13+00:00\",\"dateModified\":\"2022-12-09T10:14:49+00:00\",\"breadcrumb\":{\"@id\":\"https:\\\/\\\/artstream.com\\\/privacy-policy\\\/#breadcrumb\"},\"inLanguage\":\"de\",\"potentialAction\":[{\"@type\":\"ReadAction\",\"target\":[\"https:\\\/\\\/artstream.com\\\/privacy-policy\\\/\"]}]},{\"@type\":\"BreadcrumbList\",\"@id\":\"https:\\\/\\\/artstream.com\\\/privacy-policy\\\/#breadcrumb\",\"itemListElement\":[{\"@type\":\"ListItem\",\"position\":1,\"name\":\"Home\",\"item\":\"https:\\\/\\\/artstream.com\\\/\"},{\"@type\":\"ListItem\",\"position\":2,\"name\":\"Privacy Policy\"}]},{\"@type\":\"WebSite\",\"@id\":\"https:\\\/\\\/artstream.com\\\/de\\\/#website\",\"url\":\"https:\\\/\\\/artstream.com\\\/de\\\/\",\"name\":\"Galerie-Kunst auf deinem TV\",\"description\":\"Mit ARTSTREAM genie\u00dft du Galerie-Kunst auf all deinen Bildschirmen. Streame eine Sammlung kuratierter Kunstwerke ganz nach Stimmung und Anlass und entdecke eine unbeschreibliche Vielfalt. \",\"publisher\":{\"@id\":\"https:\\\/\\\/artstream.com\\\/de\\\/#organization\"},\"potentialAction\":[{\"@type\":\"SearchAction\",\"target\":{\"@type\":\"EntryPoint\",\"urlTemplate\":\"https:\\\/\\\/artstream.com\\\/de\\\/?s={search_term_string}\"},\"query-input\":{\"@type\":\"PropertyValueSpecification\",\"valueRequired\":true,\"valueName\":\"search_term_string\"}}],\"inLanguage\":\"de\"},{\"@type\":\"Organization\",\"@id\":\"https:\\\/\\\/artstream.com\\\/de\\\/#organization\",\"name\":\"Galerie-Kunst auf deinem TV\",\"url\":\"https:\\\/\\\/artstream.com\\\/de\\\/\",\"logo\":{\"@type\":\"ImageObject\",\"inLanguage\":\"de\",\"@id\":\"https:\\\/\\\/artstream.com\\\/de\\\/#\\\/schema\\\/logo\\\/image\\\/\",\"url\":\"https:\\\/\\\/i0.wp.com\\\/artstream.com\\\/wp-content\\\/uploads\\\/2022\\\/01\\\/logo-65x65-1.png?fit=65%2C65&ssl=1\",\"contentUrl\":\"https:\\\/\\\/i0.wp.com\\\/artstream.com\\\/wp-content\\\/uploads\\\/2022\\\/01\\\/logo-65x65-1.png?fit=65%2C65&ssl=1\",\"width\":65,\"height\":65,\"caption\":\"Galerie-Kunst auf deinem TV\"},\"image\":{\"@id\":\"https:\\\/\\\/artstream.com\\\/de\\\/#\\\/schema\\\/logo\\\/image\\\/\"}}]}<\/script>\n<!-- \/ Yoast SEO plugin. -->","yoast_head_json":{"title":"Datenschutz - Galerie-Kunst auf deinem TV","robots":{"index":"index","follow":"follow","max-snippet":"max-snippet:-1","max-image-preview":"max-image-preview:large","max-video-preview":"max-video-preview:-1"},"canonical":"https:\/\/artstream.com\/privacy-policy\/","og_locale":"de_DE","og_type":"article","og_title":"Datenschutz - Galerie-Kunst auf deinem TV","og_url":"https:\/\/artstream.com\/privacy-policy\/","og_site_name":"Galerie-Kunst auf deinem TV","article_modified_time":"2022-12-09T10:14:49+00:00","twitter_card":"summary_large_image","twitter_misc":{"Gesch\u00e4tzte Lesezeit":"3\u00a0Minuten"},"schema":{"@context":"https:\/\/schema.org","@graph":[{"@type":"WebPage","@id":"https:\/\/artstream.com\/privacy-policy\/","url":"https:\/\/artstream.com\/privacy-policy\/","name":"Datenschutz - Galerie-Kunst auf deinem TV","isPartOf":{"@id":"https:\/\/artstream.com\/de\/#website"},"datePublished":"2022-10-12T07:59:13+00:00","dateModified":"2022-12-09T10:14:49+00:00","breadcrumb":{"@id":"https:\/\/artstream.com\/privacy-policy\/#breadcrumb"},"inLanguage":"de","potentialAction":[{"@type":"ReadAction","target":["https:\/\/artstream.com\/privacy-policy\/"]}]},{"@type":"BreadcrumbList","@id":"https:\/\/artstream.com\/privacy-policy\/#breadcrumb","itemListElement":[{"@type":"ListItem","position":1,"name":"Home","item":"https:\/\/artstream.com\/"},{"@type":"ListItem","position":2,"name":"Privacy Policy"}]},{"@type":"WebSite","@id":"https:\/\/artstream.com\/de\/#website","url":"https:\/\/artstream.com\/de\/","name":"Galerie-Kunst auf deinem TV","description":"Mit ARTSTREAM genie\u00dft du Galerie-Kunst auf all deinen Bildschirmen. Streame eine Sammlung kuratierter Kunstwerke ganz nach Stimmung und Anlass und entdecke eine unbeschreibliche Vielfalt. ","publisher":{"@id":"https:\/\/artstream.com\/de\/#organization"},"potentialAction":[{"@type":"SearchAction","target":{"@type":"EntryPoint","urlTemplate":"https:\/\/artstream.com\/de\/?s={search_term_string}"},"query-input":{"@type":"PropertyValueSpecification","valueRequired":true,"valueName":"search_term_string"}}],"inLanguage":"de"},{"@type":"Organization","@id":"https:\/\/artstream.com\/de\/#organization","name":"Galerie-Kunst auf deinem TV","url":"https:\/\/artstream.com\/de\/","logo":{"@type":"ImageObject","inLanguage":"de","@id":"https:\/\/artstream.com\/de\/#\/schema\/logo\/image\/","url":"https:\/\/i0.wp.com\/artstream.com\/wp-content\/uploads\/2022\/01\/logo-65x65-1.png?fit=65%2C65&ssl=1","contentUrl":"https:\/\/i0.wp.com\/artstream.com\/wp-content\/uploads\/2022\/01\/logo-65x65-1.png?fit=65%2C65&ssl=1","width":65,"height":65,"caption":"Galerie-Kunst auf deinem TV"},"image":{"@id":"https:\/\/artstream.com\/de\/#\/schema\/logo\/image\/"}}]}},"jetpack_likes_enabled":true,"jetpack_sharing_enabled":true,"jetpack_shortlink":"https:\/\/wp.me\/PdyLxF-Km","featured_media_urls":[],"amp_enabled":false,"_links":{"self":[{"href":"https:\/\/artstream.com\/de\/wp-json\/wp\/v2\/pages\/2874","targetHints":{"allow":["GET"]}}],"collection":[{"href":"https:\/\/artstream.com\/de\/wp-json\/wp\/v2\/pages"}],"about":[{"href":"https:\/\/artstream.com\/de\/wp-json\/wp\/v2\/types\/page"}],"author":[{"embeddable":true,"href":"https:\/\/artstream.com\/de\/wp-json\/wp\/v2\/users\/214503035"}],"replies":[{"embeddable":true,"href":"https:\/\/artstream.com\/de\/wp-json\/wp\/v2\/comments?post=2874"}],"version-history":[{"count":41,"href":"https:\/\/artstream.com\/de\/wp-json\/wp\/v2\/pages\/2874\/revisions"}],"predecessor-version":[{"id":3736,"href":"https:\/\/artstream.com\/de\/wp-json\/wp\/v2\/pages\/2874\/revisions\/3736"}],"wp:attachment":[{"href":"https:\/\/artstream.com\/de\/wp-json\/wp\/v2\/media?parent=2874"}],"curies":[{"name":"wp","href":"https:\/\/api.w.org\/{rel}","templated":true}]}}