{"id":2927,"date":"2022-10-12T10:30:56","date_gmt":"2022-10-12T08:30:56","guid":{"rendered":"https:\/\/artstream.com\/?page_id=2927"},"modified":"2022-12-09T11:45:15","modified_gmt":"2022-12-09T10:45:15","slug":"cookie-policy","status":"publish","type":"page","link":"https:\/\/artstream.com\/de\/cookie-policy\/","title":{"rendered":"Cookie Policy"},"content":{"rendered":"<h2>Cookie Policy<\/h2>\n<p><strong>Cookies Definition<\/strong>\u00a0<\/p>\n<p>Ein Cookie ist eine kleine Datei und enth\u00e4lt eine bestimmte Menge an Daten, die unsere Website an deinen Browser senden kann. Diese kann dann auf der Festplatte deines Computers gespeichert werden und ist f\u00fcr unseren Webserver zug\u00e4nglich. Diese Cookie-Daten k\u00f6nnen dann abgerufen werden und erm\u00f6glichen es uns, unsere Webseiten und Dienste entsprechend anzupassen. Es ist wichtig klarzustellen, dass Cookies keine pers\u00f6nlichen Daten sammeln, die auf deiner Festplatte oder deinem Computer gespeichert werden <\/p>\n<p><strong>\u00a0Klassifizierung von\u00a0Cookies<\/strong>\u00a0<\/p>\n<ul>\n<li data-leveltext=\"o\" data-font=\"Courier New\" data-listid=\"1\" data-list-defn-props=\"{&quot;335552541&quot;:1,&quot;335559684&quot;:-2,&quot;335559685&quot;:1440,&quot;335559991&quot;:360,&quot;469769226&quot;:&quot;Courier New&quot;,&quot;469769242&quot;:[9675],&quot;469777803&quot;:&quot;left&quot;,&quot;469777804&quot;:&quot;o&quot;,&quot;469777815&quot;:&quot;hybridMultilevel&quot;}\" aria-setsize=\"-1\" data-aria-posinset=\"1\" data-aria-level=\"2\">Eigener Cookie: Gesendet von einem Computer oder einer Domain, die von der Website verwaltet wird.\u00a0<\/li>\n<li data-leveltext=\"o\" data-font=\"Courier New\" data-listid=\"1\" data-list-defn-props=\"{&quot;335552541&quot;:1,&quot;335559684&quot;:-2,&quot;335559685&quot;:1440,&quot;335559991&quot;:360,&quot;469769226&quot;:&quot;Courier New&quot;,&quot;469769242&quot;:[9675],&quot;469777803&quot;:&quot;left&quot;,&quot;469777804&quot;:&quot;o&quot;,&quot;469777815&quot;:&quot;hybridMultilevel&quot;}\" aria-setsize=\"-1\" data-aria-posinset=\"2\" data-aria-level=\"2\">Third Party: Gesendet von einem Computer oder einer Domain, die nicht vom Eigent\u00fcmer der Website verwaltet wird.\u00a0<\/li>\n<li data-leveltext=\"o\" data-font=\"Courier New\" data-listid=\"1\" data-list-defn-props=\"{&quot;335552541&quot;:1,&quot;335559684&quot;:-2,&quot;335559685&quot;:1440,&quot;335559991&quot;:360,&quot;469769226&quot;:&quot;Courier New&quot;,&quot;469769242&quot;:[9675],&quot;469777803&quot;:&quot;left&quot;,&quot;469777804&quot;:&quot;o&quot;,&quot;469777815&quot;:&quot;hybridMultilevel&quot;}\" aria-setsize=\"-1\" data-aria-posinset=\"3\" data-aria-level=\"2\">Session: Sammelt Daten w\u00e4hrend der Navigation des Benutzers durch die Website.\u00a0\u00a0<\/li>\n<li data-leveltext=\"o\" data-font=\"Courier New\" data-listid=\"1\" data-list-defn-props=\"{&quot;335552541&quot;:1,&quot;335559684&quot;:-2,&quot;335559685&quot;:1440,&quot;335559991&quot;:360,&quot;469769226&quot;:&quot;Courier New&quot;,&quot;469769242&quot;:[9675],&quot;469777803&quot;:&quot;left&quot;,&quot;469777804&quot;:&quot;o&quot;,&quot;469777815&quot;:&quot;hybridMultilevel&quot;}\" aria-setsize=\"-1\" data-aria-posinset=\"4\" data-aria-level=\"2\">Permanent: Sie erm\u00f6glichen den Zugriff auf die Daten des Benutzerterminals f\u00fcr einen Zeitraum, der von der f\u00fcr das Cookie verantwortlichen Person festgelegt wird.<\/li>\n<li data-leveltext=\"o\" data-font=\"Courier New\" data-listid=\"1\" data-list-defn-props=\"{&quot;335552541&quot;:1,&quot;335559684&quot;:-2,&quot;335559685&quot;:1440,&quot;335559991&quot;:360,&quot;469769226&quot;:&quot;Courier New&quot;,&quot;469769242&quot;:[9675],&quot;469777803&quot;:&quot;left&quot;,&quot;469777804&quot;:&quot;o&quot;,&quot;469777815&quot;:&quot;hybridMultilevel&quot;}\" aria-setsize=\"-1\" data-aria-posinset=\"4\" data-aria-level=\"2\">Technisch: Sie erm\u00f6glichen es dem Nutzer, durch eine Website zu navigieren und verschiedene Optionen oder Dienste zu nutzen.<\/li>\n<li data-leveltext=\"o\" data-font=\"Courier New\" data-listid=\"1\" data-list-defn-props=\"{&quot;335552541&quot;:1,&quot;335559684&quot;:-2,&quot;335559685&quot;:1440,&quot;335559991&quot;:360,&quot;469769226&quot;:&quot;Courier New&quot;,&quot;469769242&quot;:[9675],&quot;469777803&quot;:&quot;left&quot;,&quot;469777804&quot;:&quot;o&quot;,&quot;469777815&quot;:&quot;hybridMultilevel&quot;}\" aria-setsize=\"-1\" data-aria-posinset=\"4\" data-aria-level=\"2\">Personalisiert: Sie erm\u00f6glichen dem Nutzer den Zugang zum Service mit bestimmten Merkmalen\u00a0<\/li>\n<li data-leveltext=\"o\" data-font=\"Courier New\" data-listid=\"1\" data-list-defn-props=\"{&quot;335552541&quot;:1,&quot;335559684&quot;:-2,&quot;335559685&quot;:1440,&quot;335559991&quot;:360,&quot;469769226&quot;:&quot;Courier New&quot;,&quot;469769242&quot;:[9675],&quot;469777803&quot;:&quot;left&quot;,&quot;469777804&quot;:&quot;o&quot;,&quot;469777815&quot;:&quot;hybridMultilevel&quot;}\" aria-setsize=\"-1\" data-aria-posinset=\"4\" data-aria-level=\"2\">Analyse: Sie erm\u00f6glichen die \u00dcberwachung und Analyse des Nutzerverhaltens von Websites, mit denen sie verlinkt sind, um auf der Grundlage der gesammelten Daten Verbesserungen vornehmen zu k\u00f6nnen.<\/li>\n<li data-leveltext=\"o\" data-font=\"Courier New\" data-listid=\"1\" data-list-defn-props=\"{&quot;335552541&quot;:1,&quot;335559684&quot;:-2,&quot;335559685&quot;:1440,&quot;335559991&quot;:360,&quot;469769226&quot;:&quot;Courier New&quot;,&quot;469769242&quot;:[9675],&quot;469777803&quot;:&quot;left&quot;,&quot;469777804&quot;:&quot;o&quot;,&quot;469777815&quot;:&quot;hybridMultilevel&quot;}\" aria-setsize=\"-1\" data-aria-posinset=\"4\" data-aria-level=\"2\">Advertising: Sie erm\u00f6glichen die Verwaltung der Werbefl\u00e4chen des Publishers auf Grundlage bestimmter Kriterien, wie z. B. des bearbeiteten Inhalts oder der H\u00e4ufigkeit des Zugriffs.\u00a0<\/li>\n<\/ul>\n<p>\u00a0<strong>Von ARTSTREAM verwendete Cookies<\/strong><\/p>\n<table data-tablestyle=\"MsoTableGrid\" data-tablelook=\"1184\" aria-rowcount=\"3\">\n<tbody>\n<tr aria-rowindex=\"1\">\n<td data-celllook=\"0\">\n<p><b>Name<\/b>\u00a0<\/p>\n<\/td>\n<td data-celllook=\"0\">\n<p><b>Eigent\u00fcmer<\/b>\u00a0<\/p>\n<\/td>\n<td data-celllook=\"0\">\n<p><b>Laufzeit<\/b>\u00a0<\/p>\n<\/td>\n<td data-celllook=\"0\">\n<p><b>Grund<\/b>\u00a0<\/p>\n<\/td>\n<\/tr>\n<tr aria-rowindex=\"2\">\n<td data-celllook=\"0\">\n<p>_ga\u00a0<\/p>\n<\/td>\n<td data-celllook=\"0\">\n<p>Google Analytics\u00a0<\/p>\n<\/td>\n<td data-celllook=\"0\">\n<p>2 Jahre\u00a0<\/p>\n<\/td>\n<td data-celllook=\"0\">\n<p>Sammelt Informationen, die uns helfen zu verstehen, wie Besucher mit unseren Websites interagieren, was es uns erm\u00f6glicht, eine bessere Usability f\u00fcr unsere Besucher zu schaffen. <\/p>\n<\/td>\n<\/tr>\n<tr aria-rowindex=\"3\">\n<td data-celllook=\"0\">\n<p>_gid\u00a0<\/p>\n<\/td>\n<td data-celllook=\"0\">\n<p>Google Analytics\u00a0<\/p>\n<\/td>\n<td data-celllook=\"0\">\n<p>24 Stunden\u00a0<\/p>\n<\/td>\n<td data-celllook=\"0\">\n<p>Sammelt Informationen, die uns helfen zu verstehen, wie Besucher mit unseren Websites interagieren, was es uns erm\u00f6glicht, eine bessere Usability f\u00fcr unsere Besucher zu schaffen. <\/p>\n<\/td>\n<\/tr>\n<\/tbody>\n<\/table>\n<p> <strong>Wie man Cookies verwaltet<\/strong>\u00a0<\/p>\n<p>Du kannst die Verwendung von eigenen und fremden Cookies deaktivieren, indem du die auf deinem Computer installierten Browser-Optionen konfigurieren:\u00a0<\/p>\n<p><a href=\"https:\/\/support.microsoft.com\/de-de\">Microsoft Edge<\/a>\u00a0<\/p>\n<p><a href=\"https:\/\/support.google.com\/chrome\/answer\/95647?hl=en\">Chrome<\/a>\u00a0<\/p>\n<p><a href=\"https:\/\/support.mozilla.org\/en-US\/products\/firefox\">Mozilla Firefox<\/a>\u00a0<\/p>\n<p><a href=\"https:\/\/support.apple.com\/guide\/safari\/manage-cookies-and-website-data-sfri11471\/mac\">Safari<\/a>\u00a0<\/p>\n<p>Wir informieren dich dar\u00fcber, dass die Deaktivierung der Verwendung von Cookies die von unserer Website angebotenen Funktionen beeinflussen k\u00f6nnen. Weitere Informationen \u00fcber unsere personenbezogenen Daten findest du in der Datenschutzrichtlinie<\/p>\n<p>Verantwortlich f\u00fcr eigene Cookies und die Behandlung der gewonnenen Daten ist die LUMAS Art Editions GmbH. Die Kontakt-E-Mail lautet: <a href=\"mailto:support@artstream.com\">support@artstream.com<\/a>\u00a0<\/p>\n<p>Verantwortlich f\u00fcr Drittanbieter-Cookies sind Google Analytics und WordPress.\u00a0<\/p>\n","protected":false},"excerpt":{"rendered":"<p>Cookie Policy Cookies Definition\u00a0 Ein Cookie ist eine kleine Datei und enth\u00e4lt eine bestimmte Menge an Daten, die unsere Website an deinen Browser senden kann. Diese kann dann auf der Festplatte deines Computers gespeichert werden und ist f\u00fcr unseren Webserver zug\u00e4nglich. Diese Cookie-Daten k\u00f6nnen dann abgerufen werden und erm\u00f6glichen es uns, unsere Webseiten und Dienste &hellip; <\/p>\n<p class=\"link-more\"><a href=\"https:\/\/artstream.com\/de\/cookie-policy\/\" class=\"more-link\">Mehr <span class=\"screen-reader-text\">\u00fcber &#8222;Cookie Policy&#8220; <\/span>Lesen<\/a><\/p>\n","protected":false},"author":214503035,"featured_media":0,"parent":0,"menu_order":0,"comment_status":"closed","ping_status":"closed","template":"elementor_header_footer","meta":{"_crdt_document":"","footnotes":""},"class_list":["post-2927","page","type-page","status-publish","hentry"],"translation":{"provider":"WPGlobus","version":"2.12.2","language":"de","enabled_languages":["en","de","fr"],"languages":{"en":{"title":true,"content":true,"excerpt":false},"de":{"title":true,"content":true,"excerpt":false},"fr":{"title":true,"content":true,"excerpt":false}}},"yoast_head":"<!-- This site is optimized with the Yoast SEO plugin v27.5 - https:\/\/yoast.com\/product\/yoast-seo-wordpress\/ -->\n<title>Cookie Policy - Galerie-Kunst auf deinem TV<\/title>\n<meta name=\"robots\" content=\"index, follow, max-snippet:-1, max-image-preview:large, max-video-preview:-1\" \/>\n<link rel=\"canonical\" href=\"https:\/\/artstream.com\/cookie-policy\/\" \/>\n<meta property=\"og:locale\" content=\"de_DE\" \/>\n<meta property=\"og:type\" content=\"article\" \/>\n<meta property=\"og:title\" content=\"Cookie Policy - Galerie-Kunst auf deinem TV\" \/>\n<meta property=\"og:url\" content=\"https:\/\/artstream.com\/cookie-policy\/\" \/>\n<meta property=\"og:site_name\" content=\"Galerie-Kunst auf deinem TV\" \/>\n<meta property=\"article:modified_time\" content=\"2022-12-09T10:45:15+00:00\" \/>\n<meta name=\"twitter:card\" content=\"summary_large_image\" \/>\n<meta name=\"twitter:label1\" content=\"Gesch\u00e4tzte Lesezeit\" \/>\n\t<meta name=\"twitter:data1\" content=\"6\u00a0Minuten\" \/>\n<script type=\"application\/ld+json\" class=\"yoast-schema-graph\">{\"@context\":\"https:\\\/\\\/schema.org\",\"@graph\":[{\"@type\":\"WebPage\",\"@id\":\"https:\\\/\\\/artstream.com\\\/cookie-policy\\\/\",\"url\":\"https:\\\/\\\/artstream.com\\\/cookie-policy\\\/\",\"name\":\"Cookie Policy - Galerie-Kunst auf deinem TV\",\"isPartOf\":{\"@id\":\"https:\\\/\\\/artstream.com\\\/de\\\/#website\"},\"datePublished\":\"2022-10-12T08:30:56+00:00\",\"dateModified\":\"2022-12-09T10:45:15+00:00\",\"breadcrumb\":{\"@id\":\"https:\\\/\\\/artstream.com\\\/cookie-policy\\\/#breadcrumb\"},\"inLanguage\":\"de\",\"potentialAction\":[{\"@type\":\"ReadAction\",\"target\":[\"https:\\\/\\\/artstream.com\\\/cookie-policy\\\/\"]}]},{\"@type\":\"BreadcrumbList\",\"@id\":\"https:\\\/\\\/artstream.com\\\/cookie-policy\\\/#breadcrumb\",\"itemListElement\":[{\"@type\":\"ListItem\",\"position\":1,\"name\":\"Home\",\"item\":\"https:\\\/\\\/artstream.com\\\/\"},{\"@type\":\"ListItem\",\"position\":2,\"name\":\"Cookie Policy\"}]},{\"@type\":\"WebSite\",\"@id\":\"https:\\\/\\\/artstream.com\\\/de\\\/#website\",\"url\":\"https:\\\/\\\/artstream.com\\\/de\\\/\",\"name\":\"Galerie-Kunst auf deinem TV\",\"description\":\"Mit ARTSTREAM genie\u00dft du Galerie-Kunst auf all deinen Bildschirmen. Streame eine Sammlung kuratierter Kunstwerke ganz nach Stimmung und Anlass und entdecke eine unbeschreibliche Vielfalt. \",\"publisher\":{\"@id\":\"https:\\\/\\\/artstream.com\\\/de\\\/#organization\"},\"potentialAction\":[{\"@type\":\"SearchAction\",\"target\":{\"@type\":\"EntryPoint\",\"urlTemplate\":\"https:\\\/\\\/artstream.com\\\/de\\\/?s={search_term_string}\"},\"query-input\":{\"@type\":\"PropertyValueSpecification\",\"valueRequired\":true,\"valueName\":\"search_term_string\"}}],\"inLanguage\":\"de\"},{\"@type\":\"Organization\",\"@id\":\"https:\\\/\\\/artstream.com\\\/de\\\/#organization\",\"name\":\"Galerie-Kunst auf deinem TV\",\"url\":\"https:\\\/\\\/artstream.com\\\/de\\\/\",\"logo\":{\"@type\":\"ImageObject\",\"inLanguage\":\"de\",\"@id\":\"https:\\\/\\\/artstream.com\\\/de\\\/#\\\/schema\\\/logo\\\/image\\\/\",\"url\":\"https:\\\/\\\/i0.wp.com\\\/artstream.com\\\/wp-content\\\/uploads\\\/2022\\\/01\\\/logo-65x65-1.png?fit=65%2C65&ssl=1\",\"contentUrl\":\"https:\\\/\\\/i0.wp.com\\\/artstream.com\\\/wp-content\\\/uploads\\\/2022\\\/01\\\/logo-65x65-1.png?fit=65%2C65&ssl=1\",\"width\":65,\"height\":65,\"caption\":\"Galerie-Kunst auf deinem TV\"},\"image\":{\"@id\":\"https:\\\/\\\/artstream.com\\\/de\\\/#\\\/schema\\\/logo\\\/image\\\/\"}}]}<\/script>\n<!-- \/ Yoast SEO plugin. -->","yoast_head_json":{"title":"Cookie Policy - Galerie-Kunst auf deinem TV","robots":{"index":"index","follow":"follow","max-snippet":"max-snippet:-1","max-image-preview":"max-image-preview:large","max-video-preview":"max-video-preview:-1"},"canonical":"https:\/\/artstream.com\/cookie-policy\/","og_locale":"de_DE","og_type":"article","og_title":"Cookie Policy - Galerie-Kunst auf deinem TV","og_url":"https:\/\/artstream.com\/cookie-policy\/","og_site_name":"Galerie-Kunst auf deinem TV","article_modified_time":"2022-12-09T10:45:15+00:00","twitter_card":"summary_large_image","twitter_misc":{"Gesch\u00e4tzte Lesezeit":"6\u00a0Minuten"},"schema":{"@context":"https:\/\/schema.org","@graph":[{"@type":"WebPage","@id":"https:\/\/artstream.com\/cookie-policy\/","url":"https:\/\/artstream.com\/cookie-policy\/","name":"Cookie Policy - Galerie-Kunst auf deinem TV","isPartOf":{"@id":"https:\/\/artstream.com\/de\/#website"},"datePublished":"2022-10-12T08:30:56+00:00","dateModified":"2022-12-09T10:45:15+00:00","breadcrumb":{"@id":"https:\/\/artstream.com\/cookie-policy\/#breadcrumb"},"inLanguage":"de","potentialAction":[{"@type":"ReadAction","target":["https:\/\/artstream.com\/cookie-policy\/"]}]},{"@type":"BreadcrumbList","@id":"https:\/\/artstream.com\/cookie-policy\/#breadcrumb","itemListElement":[{"@type":"ListItem","position":1,"name":"Home","item":"https:\/\/artstream.com\/"},{"@type":"ListItem","position":2,"name":"Cookie Policy"}]},{"@type":"WebSite","@id":"https:\/\/artstream.com\/de\/#website","url":"https:\/\/artstream.com\/de\/","name":"Galerie-Kunst auf deinem TV","description":"Mit ARTSTREAM genie\u00dft du Galerie-Kunst auf all deinen Bildschirmen. Streame eine Sammlung kuratierter Kunstwerke ganz nach Stimmung und Anlass und entdecke eine unbeschreibliche Vielfalt. ","publisher":{"@id":"https:\/\/artstream.com\/de\/#organization"},"potentialAction":[{"@type":"SearchAction","target":{"@type":"EntryPoint","urlTemplate":"https:\/\/artstream.com\/de\/?s={search_term_string}"},"query-input":{"@type":"PropertyValueSpecification","valueRequired":true,"valueName":"search_term_string"}}],"inLanguage":"de"},{"@type":"Organization","@id":"https:\/\/artstream.com\/de\/#organization","name":"Galerie-Kunst auf deinem TV","url":"https:\/\/artstream.com\/de\/","logo":{"@type":"ImageObject","inLanguage":"de","@id":"https:\/\/artstream.com\/de\/#\/schema\/logo\/image\/","url":"https:\/\/i0.wp.com\/artstream.com\/wp-content\/uploads\/2022\/01\/logo-65x65-1.png?fit=65%2C65&ssl=1","contentUrl":"https:\/\/i0.wp.com\/artstream.com\/wp-content\/uploads\/2022\/01\/logo-65x65-1.png?fit=65%2C65&ssl=1","width":65,"height":65,"caption":"Galerie-Kunst auf deinem TV"},"image":{"@id":"https:\/\/artstream.com\/de\/#\/schema\/logo\/image\/"}}]}},"jetpack_likes_enabled":true,"jetpack_sharing_enabled":true,"jetpack_shortlink":"https:\/\/wp.me\/PdyLxF-Ld","featured_media_urls":[],"amp_enabled":false,"_links":{"self":[{"href":"https:\/\/artstream.com\/de\/wp-json\/wp\/v2\/pages\/2927","targetHints":{"allow":["GET"]}}],"collection":[{"href":"https:\/\/artstream.com\/de\/wp-json\/wp\/v2\/pages"}],"about":[{"href":"https:\/\/artstream.com\/de\/wp-json\/wp\/v2\/types\/page"}],"author":[{"embeddable":true,"href":"https:\/\/artstream.com\/de\/wp-json\/wp\/v2\/users\/214503035"}],"replies":[{"embeddable":true,"href":"https:\/\/artstream.com\/de\/wp-json\/wp\/v2\/comments?post=2927"}],"version-history":[{"count":20,"href":"https:\/\/artstream.com\/de\/wp-json\/wp\/v2\/pages\/2927\/revisions"}],"predecessor-version":[{"id":3759,"href":"https:\/\/artstream.com\/de\/wp-json\/wp\/v2\/pages\/2927\/revisions\/3759"}],"wp:attachment":[{"href":"https:\/\/artstream.com\/de\/wp-json\/wp\/v2\/media?parent=2927"}],"curies":[{"name":"wp","href":"https:\/\/api.w.org\/{rel}","templated":true}]}}