{"id":2936,"date":"2022-10-12T10:33:27","date_gmt":"2022-10-12T08:33:27","guid":{"rendered":"https:\/\/artstream.com\/?page_id=2936"},"modified":"2022-12-09T11:43:29","modified_gmt":"2022-12-09T10:43:29","slug":"terms-of-use","status":"publish","type":"page","link":"https:\/\/artstream.com\/de\/terms-of-use\/","title":{"rendered":"Terms of use"},"content":{"rendered":"<h2>Allgemeine Gesch\u00e4ftsbedingungen<\/h2>\n<p>When you are interacting with ARTSTREAM, you accept at all times:<\/p>\n<p>Halte diese Bedingungen (einschlie\u00dflich aller Bedingungen von ARTSTREAM) und alle geltenden Gesetze und Vorschriften ein. Es d\u00fcrfen nur wahrheitsgem\u00e4\u00dfe und klare Informationen auf der Plattform ver\u00f6ffentlicht werden.<\/p>\n<p>Alle Inhalte der ARTSTREAM-Plattform d\u00fcrfen nicht auf Websites Dritter oder f\u00fcr andere Zwecke, einschlie\u00dflich kommerzieller Zwecke, verwendet werden. Es ist nicht erlaubt, Inhalte der Plattform zu fotografieren, aufzunehmen oder herunterzuladen. Wenn ARTSTREAM von diesem Verhalten eines Nutzers Kenntnis erh\u00e4lt, wird der Nutzer gesperrt. Um die Sperre aufzuheben, muss sich der Nutzer mit ARTSTREAM in Verbindung setzen. Alle Nutzer, die unsere Plattform nutzen, garantieren, dass sie alle notwendigen Vorschriften und gesetzlichen Verpflichtungen einhalten und das gesetzliche Mindestalter erreicht haben, um einen Vertrag abzuschlie\u00dfen und unsere Plattform zu nutzen.<\/p>\n<p>Die ARTSTREAM-Plattform darf nicht f\u00fcr illegale oder unmoralische Zwecke genutzt werden. ARTSTREAM beh\u00e4lt sich das Recht vor, die E-Mail-Adresse eines Nutzers zu sperren oder zu l\u00f6schen, der sich nicht an diese Nutzungsbedingungen oder andere unserer Rechtstexte h\u00e4lt, oder der ein betr\u00fcgerisches Verhalten zeigt.<\/p>\n<p>ARTSTREAM kann diese Bedingungen oder Richtlinien \u00e4ndern (und die Seiten, auf denen sie angezeigt werden, regelm\u00e4\u00dfig aktualisieren).<\/p>\n<p>Wenn du mit einer \u00c4nderung (oder einer unserer Richtlinien) nicht einverstanden bist, solltest du die Nutzung unserer Dienste einstellen.<\/p>\n","protected":false},"excerpt":{"rendered":"<p>Allgemeine Gesch\u00e4ftsbedingungen When you are interacting with ARTSTREAM, you accept at all times: Halte diese Bedingungen (einschlie\u00dflich aller Bedingungen von ARTSTREAM) und alle geltenden Gesetze und Vorschriften ein. Es d\u00fcrfen nur wahrheitsgem\u00e4\u00dfe und klare Informationen auf der Plattform ver\u00f6ffentlicht werden. Alle Inhalte der ARTSTREAM-Plattform d\u00fcrfen nicht auf Websites Dritter oder f\u00fcr andere Zwecke, einschlie\u00dflich kommerzieller &hellip; <\/p>\n<p class=\"link-more\"><a href=\"https:\/\/artstream.com\/de\/terms-of-use\/\" class=\"more-link\">Mehr <span class=\"screen-reader-text\">\u00fcber &#8222;Terms of use&#8220; <\/span>Lesen<\/a><\/p>\n","protected":false},"author":214503035,"featured_media":0,"parent":0,"menu_order":0,"comment_status":"closed","ping_status":"closed","template":"elementor_header_footer","meta":{"_crdt_document":"","footnotes":""},"class_list":["post-2936","page","type-page","status-publish","hentry"],"translation":{"provider":"WPGlobus","version":"2.12.2","language":"de","enabled_languages":["en","de","fr"],"languages":{"en":{"title":true,"content":true,"excerpt":false},"de":{"title":true,"content":true,"excerpt":false},"fr":{"title":true,"content":true,"excerpt":false}}},"yoast_head":"<!-- This site is optimized with the Yoast SEO plugin v27.5 - https:\/\/yoast.com\/product\/yoast-seo-wordpress\/ -->\n<title>Terms of use - Galerie-Kunst auf deinem TV<\/title>\n<meta name=\"robots\" content=\"index, follow, max-snippet:-1, max-image-preview:large, max-video-preview:-1\" \/>\n<link rel=\"canonical\" href=\"https:\/\/artstream.com\/terms-of-use\/\" \/>\n<meta property=\"og:locale\" content=\"de_DE\" \/>\n<meta property=\"og:type\" content=\"article\" \/>\n<meta property=\"og:title\" content=\"Terms of use - Galerie-Kunst auf deinem TV\" \/>\n<meta property=\"og:url\" content=\"https:\/\/artstream.com\/terms-of-use\/\" \/>\n<meta property=\"og:site_name\" content=\"Galerie-Kunst auf deinem TV\" \/>\n<meta property=\"article:modified_time\" content=\"2022-12-09T10:43:29+00:00\" \/>\n<meta name=\"twitter:card\" content=\"summary_large_image\" \/>\n<meta name=\"twitter:label1\" content=\"Gesch\u00e4tzte Lesezeit\" \/>\n\t<meta name=\"twitter:data1\" content=\"2\u00a0Minuten\" \/>\n<script type=\"application\/ld+json\" class=\"yoast-schema-graph\">{\"@context\":\"https:\\\/\\\/schema.org\",\"@graph\":[{\"@type\":\"WebPage\",\"@id\":\"https:\\\/\\\/artstream.com\\\/terms-of-use\\\/\",\"url\":\"https:\\\/\\\/artstream.com\\\/terms-of-use\\\/\",\"name\":\"Terms of use - Galerie-Kunst auf deinem TV\",\"isPartOf\":{\"@id\":\"https:\\\/\\\/artstream.com\\\/de\\\/#website\"},\"datePublished\":\"2022-10-12T08:33:27+00:00\",\"dateModified\":\"2022-12-09T10:43:29+00:00\",\"breadcrumb\":{\"@id\":\"https:\\\/\\\/artstream.com\\\/terms-of-use\\\/#breadcrumb\"},\"inLanguage\":\"de\",\"potentialAction\":[{\"@type\":\"ReadAction\",\"target\":[\"https:\\\/\\\/artstream.com\\\/terms-of-use\\\/\"]}]},{\"@type\":\"BreadcrumbList\",\"@id\":\"https:\\\/\\\/artstream.com\\\/terms-of-use\\\/#breadcrumb\",\"itemListElement\":[{\"@type\":\"ListItem\",\"position\":1,\"name\":\"Home\",\"item\":\"https:\\\/\\\/artstream.com\\\/\"},{\"@type\":\"ListItem\",\"position\":2,\"name\":\"Terms of use\"}]},{\"@type\":\"WebSite\",\"@id\":\"https:\\\/\\\/artstream.com\\\/de\\\/#website\",\"url\":\"https:\\\/\\\/artstream.com\\\/de\\\/\",\"name\":\"Galerie-Kunst auf deinem TV\",\"description\":\"Mit ARTSTREAM genie\u00dft du Galerie-Kunst auf all deinen Bildschirmen. Streame eine Sammlung kuratierter Kunstwerke ganz nach Stimmung und Anlass und entdecke eine unbeschreibliche Vielfalt. \",\"publisher\":{\"@id\":\"https:\\\/\\\/artstream.com\\\/de\\\/#organization\"},\"potentialAction\":[{\"@type\":\"SearchAction\",\"target\":{\"@type\":\"EntryPoint\",\"urlTemplate\":\"https:\\\/\\\/artstream.com\\\/de\\\/?s={search_term_string}\"},\"query-input\":{\"@type\":\"PropertyValueSpecification\",\"valueRequired\":true,\"valueName\":\"search_term_string\"}}],\"inLanguage\":\"de\"},{\"@type\":\"Organization\",\"@id\":\"https:\\\/\\\/artstream.com\\\/de\\\/#organization\",\"name\":\"Galerie-Kunst auf deinem TV\",\"url\":\"https:\\\/\\\/artstream.com\\\/de\\\/\",\"logo\":{\"@type\":\"ImageObject\",\"inLanguage\":\"de\",\"@id\":\"https:\\\/\\\/artstream.com\\\/de\\\/#\\\/schema\\\/logo\\\/image\\\/\",\"url\":\"https:\\\/\\\/i0.wp.com\\\/artstream.com\\\/wp-content\\\/uploads\\\/2022\\\/01\\\/logo-65x65-1.png?fit=65%2C65&ssl=1\",\"contentUrl\":\"https:\\\/\\\/i0.wp.com\\\/artstream.com\\\/wp-content\\\/uploads\\\/2022\\\/01\\\/logo-65x65-1.png?fit=65%2C65&ssl=1\",\"width\":65,\"height\":65,\"caption\":\"Galerie-Kunst auf deinem TV\"},\"image\":{\"@id\":\"https:\\\/\\\/artstream.com\\\/de\\\/#\\\/schema\\\/logo\\\/image\\\/\"}}]}<\/script>\n<!-- \/ Yoast SEO plugin. -->","yoast_head_json":{"title":"Terms of use - Galerie-Kunst auf deinem TV","robots":{"index":"index","follow":"follow","max-snippet":"max-snippet:-1","max-image-preview":"max-image-preview:large","max-video-preview":"max-video-preview:-1"},"canonical":"https:\/\/artstream.com\/terms-of-use\/","og_locale":"de_DE","og_type":"article","og_title":"Terms of use - Galerie-Kunst auf deinem TV","og_url":"https:\/\/artstream.com\/terms-of-use\/","og_site_name":"Galerie-Kunst auf deinem TV","article_modified_time":"2022-12-09T10:43:29+00:00","twitter_card":"summary_large_image","twitter_misc":{"Gesch\u00e4tzte Lesezeit":"2\u00a0Minuten"},"schema":{"@context":"https:\/\/schema.org","@graph":[{"@type":"WebPage","@id":"https:\/\/artstream.com\/terms-of-use\/","url":"https:\/\/artstream.com\/terms-of-use\/","name":"Terms of use - Galerie-Kunst auf deinem TV","isPartOf":{"@id":"https:\/\/artstream.com\/de\/#website"},"datePublished":"2022-10-12T08:33:27+00:00","dateModified":"2022-12-09T10:43:29+00:00","breadcrumb":{"@id":"https:\/\/artstream.com\/terms-of-use\/#breadcrumb"},"inLanguage":"de","potentialAction":[{"@type":"ReadAction","target":["https:\/\/artstream.com\/terms-of-use\/"]}]},{"@type":"BreadcrumbList","@id":"https:\/\/artstream.com\/terms-of-use\/#breadcrumb","itemListElement":[{"@type":"ListItem","position":1,"name":"Home","item":"https:\/\/artstream.com\/"},{"@type":"ListItem","position":2,"name":"Terms of use"}]},{"@type":"WebSite","@id":"https:\/\/artstream.com\/de\/#website","url":"https:\/\/artstream.com\/de\/","name":"Galerie-Kunst auf deinem TV","description":"Mit ARTSTREAM genie\u00dft du Galerie-Kunst auf all deinen Bildschirmen. Streame eine Sammlung kuratierter Kunstwerke ganz nach Stimmung und Anlass und entdecke eine unbeschreibliche Vielfalt. ","publisher":{"@id":"https:\/\/artstream.com\/de\/#organization"},"potentialAction":[{"@type":"SearchAction","target":{"@type":"EntryPoint","urlTemplate":"https:\/\/artstream.com\/de\/?s={search_term_string}"},"query-input":{"@type":"PropertyValueSpecification","valueRequired":true,"valueName":"search_term_string"}}],"inLanguage":"de"},{"@type":"Organization","@id":"https:\/\/artstream.com\/de\/#organization","name":"Galerie-Kunst auf deinem TV","url":"https:\/\/artstream.com\/de\/","logo":{"@type":"ImageObject","inLanguage":"de","@id":"https:\/\/artstream.com\/de\/#\/schema\/logo\/image\/","url":"https:\/\/i0.wp.com\/artstream.com\/wp-content\/uploads\/2022\/01\/logo-65x65-1.png?fit=65%2C65&ssl=1","contentUrl":"https:\/\/i0.wp.com\/artstream.com\/wp-content\/uploads\/2022\/01\/logo-65x65-1.png?fit=65%2C65&ssl=1","width":65,"height":65,"caption":"Galerie-Kunst auf deinem TV"},"image":{"@id":"https:\/\/artstream.com\/de\/#\/schema\/logo\/image\/"}}]}},"jetpack_likes_enabled":true,"jetpack_sharing_enabled":true,"jetpack_shortlink":"https:\/\/wp.me\/PdyLxF-Lm","featured_media_urls":[],"amp_enabled":false,"_links":{"self":[{"href":"https:\/\/artstream.com\/de\/wp-json\/wp\/v2\/pages\/2936","targetHints":{"allow":["GET"]}}],"collection":[{"href":"https:\/\/artstream.com\/de\/wp-json\/wp\/v2\/pages"}],"about":[{"href":"https:\/\/artstream.com\/de\/wp-json\/wp\/v2\/types\/page"}],"author":[{"embeddable":true,"href":"https:\/\/artstream.com\/de\/wp-json\/wp\/v2\/users\/214503035"}],"replies":[{"embeddable":true,"href":"https:\/\/artstream.com\/de\/wp-json\/wp\/v2\/comments?post=2936"}],"version-history":[{"count":35,"href":"https:\/\/artstream.com\/de\/wp-json\/wp\/v2\/pages\/2936\/revisions"}],"predecessor-version":[{"id":3752,"href":"https:\/\/artstream.com\/de\/wp-json\/wp\/v2\/pages\/2936\/revisions\/3752"}],"wp:attachment":[{"href":"https:\/\/artstream.com\/de\/wp-json\/wp\/v2\/media?parent=2936"}],"curies":[{"name":"wp","href":"https:\/\/api.w.org\/{rel}","templated":true}]}}