{"id":3166,"date":"2022-10-14T11:02:37","date_gmt":"2022-10-14T09:02:37","guid":{"rendered":"https:\/\/artstream.com\/?page_id=3166"},"modified":"2022-10-25T14:28:04","modified_gmt":"2022-10-25T12:28:04","slug":"privacy-policy-app","status":"publish","type":"page","link":"https:\/\/artstream.com\/de\/privacy-policy-app\/","title":{"rendered":"privacy-policy-app"},"content":{"rendered":"<h2>Datenschutz &#038; Allgemeine Gesch\u00e4ftsbedingungen<\/h2>\n<p>Die LUMAS Art Editions GmbH hat die ARTSTREAM-App als Freemium-App entwickelt. Dieser SERVICE wird von LUMAS Art Editions GmbH kostenlos zur Verf\u00fcgung gestellt und ist f\u00fcr die Nutzung ohne Einschr\u00e4nkungen gedacht.<\/p>\n<p>Diese Seite dient dazu, Besucher \u00fcber unsere Richtlinien bez\u00fcglich der Sammlung, Verwendung und Offenlegung von pers\u00f6nlichen Informationen zu informieren, falls sich jemand dazu entschlie\u00dft, unseren Service zu nutzen.<\/p>\n<p>Wenn du dich entscheidest, unseren Service zu nutzen, erkl\u00e4rst du dich mit der Erfassung und Nutzung von Informationen in Bezug auf diese Richtlinie einverstanden. Die von uns gesammelten pers\u00f6nlichen Daten werden f\u00fcr die Bereitstellung und Verbesserung des Dienstes verwendet. Wir werden deine Daten nur wie in dieser Datenschutzrichtlinie beschrieben verwenden oder weitergeben.<\/p>\n<p>Die in dieser Datenschutzrichtlinie verwendeten Begriffe haben dieselbe Bedeutung wie in unseren Allgemeinen Gesch\u00e4ftsbedingungen, die unter ARTSTREAM einsehbar sind, sofern in dieser Datenschutzrichtlinie nicht anders definiert.<\/p>\n<p><strong>Erfassung und Verwendung von Informationen<\/strong><\/p>\n<p>Um dir die Nutzung unseres Dienstes zu erleichtern, bitten wir dich unter Umst\u00e4nden, uns bestimmte personenbezogene Daten mitzuteilen. Die von uns angeforderten Informationen werden von uns gespeichert und wie in dieser Datenschutzrichtlinie beschrieben verwendet.<\/p>\n<p>Die App nutzt Dienste von Drittanbietern, die m\u00f6glicherweise Informationen sammeln, mit denen du identifiziert werden kannst.<\/p>\n<p>Link zu den Datenschutzrichtlinien von Drittanbietern, die von der App genutzt werden:<\/p>\n<ul>\n<li><a href=\"https:\/\/www.google.com\/policies\/privacy\/\">Google Play Services<\/a><\/li>\n<li><a href=\"https:\/\/firebase.google.com\/policies\/analytics\">Google Analytics for Firebase<\/a><\/li>\n<li><a href=\"https:\/\/www.apple.com\/legal\/internet-services\/itunes\/dev\/stdeula\/\">Apple Terms of Use<\/a><\/li>\n<\/ul>\n<p><strong>Log-Daten<\/strong><\/p>\n<p>Wir m\u00f6chten dich dar\u00fcber informieren, dass wir bei der Nutzung unseres Dienstes im Falle eines Fehlers in der App Daten und Informationen (durch Produkte von Drittanbietern) auf deinem Telefon sammeln, die als Protokolldaten bezeichnet werden. Diese Protokolldaten k\u00f6nnen Informationen wie die Internetprotokolladresse (&#8222;IP&#8220;) deines Ger\u00e4ts, den Ger\u00e4tenamen, die Version des Betriebssystems, die Konfiguration der App bei der Nutzung unseres Dienstes, die Uhrzeit und das Datum deiner Nutzung des Dienstes und andere Statistiken enthalten.<\/p>\n<p><strong>Cookies<\/strong><\/p>\n<p>Cookies sind Dateien mit einer kleinen Menge an Daten, die \u00fcblicherweise als anonyme eindeutige Identifikatoren verwendet werden. Sie werden von den Websites, die du besuchst, an deinen Browser gesendet und im internen Speicher deines Ger\u00e4ts gespeichert.<\/p>\n<p>Dieser Dienst verwendet diese &#8222;Cookies&#8220; nicht ausdr\u00fccklich. Die App kann jedoch Code und Bibliotheken von Drittanbietern verwenden, die &#8222;Cookies&#8220; nutzen, um Informationen zu sammeln und ihre Dienste zu verbessern. Sie haben die M\u00f6glichkeit, diese Cookies entweder zu akzeptieren oder abzulehnen und zu erfahren, wann ein Cookie an Ihr Ger\u00e4t gesendet wird. Wenn Sie sich entscheiden, unsere Cookies abzulehnen, k\u00f6nnen Sie m\u00f6glicherweise einige Teile dieses Dienstes nicht nutzen.<\/p>\n<p><strong>Service Provider<\/strong><\/p>\n<p>Wir k\u00f6nnen aus den folgenden Gr\u00fcnden Drittunternehmen und Einzelpersonen beauftragen:<\/p>\n<ul>\n<li>Um unseren Service zu erleichtern<\/li>\n<li>Zur Bereitstellung des Dienstes in unserem Namen<\/li>\n<li>Zur Erbringung von dienstbezogenen Dienstleistungen; oder<\/li>\n<li>Um uns bei der Analyse der Nutzung unseres Dienstes zu unterst\u00fctzen<\/li>\n<\/ul>\n<p>Wir m\u00f6chten die Nutzer dieses Dienstes dar\u00fcber informieren, dass diese Dritten Zugriff auf deine pers\u00f6nlichen Daten haben. Der Grund daf\u00fcr ist, dass sie die dir zugewiesenen Aufgaben in unserem Namen ausf\u00fchren. Du bist jedoch verpflichtet, die Informationen nicht f\u00fcr andere Zwecke weiterzugeben oder zu verwenden.<\/p>\n<p><strong>Sicherheit<\/strong><\/p>\n<p>Wir wissen es zu sch\u00e4tzen, dass du uns deine pers\u00f6nlichen Daten anvertraust und bem\u00fchen uns daher, sie mit kommerziell akzeptablen Mitteln zu sch\u00fctzen. Denke jedoch daran, dass keine Methode der \u00dcbertragung \u00fcber das Internet oder der elektronischen Speicherung zu 100 % sicher und zuverl\u00e4ssig ist, und wir k\u00f6nnen keine absolute Sicherheit garantieren.<\/p>\n<p><strong>Links zu anderen Seiten<\/strong><\/p>\n<p>Dieser Dienst kann Links zu anderen Websites enthalten. Wenn du auf einen Link eines Dritten klicken, wirst du zu dieser Site weitergeleitet. Beachte, dass diese externen Sites nicht von uns betrieben werden. Wir raten dir daher dringend, die Datenschutzrichtlinien dieser Websites zu lesen. Wir haben keine Kontrolle \u00fcber und \u00fcbernehmen keine Verantwortung f\u00fcr den Inhalt, die Datenschutzrichtlinien oder die Praktiken von Websites oder Diensten Dritter.<\/p>\n<p><strong>Datenschutz f\u00fcr Kinder<\/strong><\/p>\n<p>Diese Dienste richten sich nicht an Personen unter 13 Jahren. Wir sammeln nicht wissentlich personenbezogene Daten von Kindern unter 13 Jahren. Sollten wir feststellen, dass ein Kind unter 13 Jahren uns pers\u00f6nliche Daten zur Verf\u00fcgung gestellt hat, l\u00f6schen wir diese sofort von unseren Servern. Wenn du ein Elternteil oder Erziehungsberechtigter bist und wei\u00dft, dass dein Kind uns personenbezogene Daten zur Verf\u00fcgung gestellt hat, setze dich bitte mit uns in Verbindung, damit wir die erforderlichen Ma\u00dfnahmen ergreifen k\u00f6nnen.<\/p>\n<p><strong>\u00c4nderungen an dieser Datenschutzrichtlinie<\/strong><\/p>\n<p>Wir k\u00f6nnen unsere Datenschutzrichtlinie von Zeit zu Zeit aktualisieren. Wir empfehlen dir daher, diese Seite in regelm\u00e4\u00dfigen Abst\u00e4nden auf \u00c4nderungen zu \u00fcberpr\u00fcfen. Wir werden dich \u00fcber alle \u00c4nderungen informieren, indem wir die neue Datenschutzrichtlinie auf dieser Seite ver\u00f6ffentlichen.<\/p>\n<p>Diese Richtlinie gilt ab dem 2022-10-14<\/p>\n<p><strong>Kontaktiere uns<\/strong><\/p>\n<p>Wenn du Fragen oder Anregungen zu unserer Datenschutzpolitik haben, z\u00f6gere nicht, uns unter support@artstream.com zu kontaktieren.<\/p>\n<p><strong>Allgemeine Gesch\u00e4ftsbedingungen<\/strong><\/p>\n<p>Durch das Herunterladen oder die Nutzung der App gelten diese Bedingungen automatisch f\u00fcr dich. Du solltest sie daher sorgf\u00e4ltig lesen, bevor du die App nutzt. Es ist dir nicht gestattet, die App, Teile der App oder unsere Markenzeichen in irgendeiner Weise zu kopieren oder zu ver\u00e4ndern. Du darfst nicht versuchen, den Quellcode der App zu extrahieren, und du solltest auch nicht versuchen, die App in andere Sprachen zu \u00fcbersetzen oder abgeleitete Versionen zu erstellen. Die App selbst und alle damit verbundenen Marken, Urheberrechte, Datenbankrechte und sonstigen geistigen Eigentumsrechte geh\u00f6ren weiterhin der LUMAS Art Editions GmbH.<\/p>\n<p>Die LUMAS Art Editions GmbH ist bestrebt, die App so n\u00fctzlich und effizient wie m\u00f6glich zu gestalten. Aus diesem Grund behalten wir uns das Recht vor, jederzeit und ohne Angabe von Gr\u00fcnden \u00c4nderungen an der App vorzunehmen oder Geb\u00fchren f\u00fcr ihre Dienste zu erheben. Wir werden dir niemals Geb\u00fchren f\u00fcr die App oder ihre Dienste in Rechnung stellen, ohne dir genau zu erkl\u00e4ren, wof\u00fcr du bezahlst.<\/p>\n<p>Die ARTSTREAM-App speichert und verarbeitet pers\u00f6nliche Daten, die du uns zur Verf\u00fcgung gestellt hast, um unseren Service anzubieten. Es liegt in deiner Verantwortung, dein Telefon und den Zugriff auf die App sicher zu halten. Wir empfehlen dir daher, dein Telefon nicht zu jailbreaken oder zu rooten, d.h. Softwarebeschr\u00e4nkungen und -einschr\u00e4nkungen des offiziellen Betriebssystems deines Ger\u00e4ts aufzuheben. Dies k\u00f6nnte dein Telefon anf\u00e4llig f\u00fcr Malware\/Viren\/Schadprogramme machen, die Sicherheitsfunktionen deines Telefons beeintr\u00e4chtigen und dazu f\u00fchren, dass die ARTSTREAM-App nicht mehr richtig oder \u00fcberhaupt nicht mehr funktioniert.<\/p>\n<p>Die App nutzt Dienste von Drittanbietern, die ihre Allgemeinen Gesch\u00e4ftsbedingungen bekannt geben.<\/p>\n<p>Link zu den Allgemeinen Gesch\u00e4ftsbedingungen der von der App genutzten Drittanbieter:<\/p>\n<ul>\n<li><a href=\"https:\/\/policies.google.com\/terms\">Google Play Services<\/a><\/li>\n<li><a href=\"https:\/\/firebase.google.com\/terms\/analytics\">Google Analytics for Firebase<\/a><\/li>\n<li><a href=\"https:\/\/www.apple.com\/legal\/internet-services\/itunes\/dev\/stdeula\/\" target=\"_blank\" rel=\"noopener\">Apple Terms of Use<\/a><\/li>\n<\/ul>\n<p>Du solltest dir dar\u00fcber im Klaren sein, dass es bestimmte Dinge gibt, f\u00fcr die die LUMAS Art Editions GmbH keine Verantwortung \u00fcbernehmen kann. Bestimmte Funktionen der App setzen voraus, dass die App eine aktive Internetverbindung hat. Die Verbindung kann \u00fcber WLAN oder \u00fcber deinen Mobilfunkanbieter hergestellt werden. LUMAS Art Editions GmbH kann jedoch keine Verantwortung daf\u00fcr \u00fcbernehmen, dass die App nicht voll funktionsf\u00e4hig ist, wenn du keinen Zugang zu WLAN haben und dein Datenvolumen aufgebraucht ist.<\/p>\n<p>Wenn du die App au\u00dferhalb eines Gebiets mit WLAN nutzt, solltest du daran denken, dass die Bedingungen des Vertrags mit deinem Mobilfunkanbieter weiterhin gelten. Infolgedessen k\u00f6nnen dir von deinem Mobilfunkanbieter die Datenkosten f\u00fcr die Dauer der Verbindung beim Zugriff auf die App oder andere Geb\u00fchren von Dritten in Rechnung gestellt werden. Mit der Nutzung der App \u00fcbernimmst du die Verantwortung f\u00fcr solche Geb\u00fchren, einschlie\u00dflich Roaming-Geb\u00fchren, wenn du die App au\u00dferhalb deines Heimatgebiets (d. h. Ihrer Region oder Ihres Landes) nutzt, ohne das Daten-Roaming zu deaktivieren. Wenn du nicht der Rechnungszahler f\u00fcr das Ger\u00e4t bist, auf dem du die App verwendest, beachte bitte, dass wir davon ausgehen, dass du die Erlaubnis des Rechnungszahlers zur Nutzung der App erhalten hast.<\/p>\n<p>Ebenso kann LUMAS Art Editions GmbH nicht immer die Verantwortung f\u00fcr die Art und Weise \u00fcbernehmen, wie du die App nutzt, d.h. du musst sicherstellen, dass dein Ger\u00e4t aufgeladen bleibt &#8211; wenn der Akku leer ist und du es nicht mehr einschalten kannst, um den Service zu nutzen, kann LUMAS Art Editions GmbH keine Verantwortung \u00fcbernehmen.<\/p>\n<p>In Bezug auf die Verantwortung von LUMAS Art Editions GmbH f\u00fcr deine Nutzung der App ist es wichtig, dass du bei der Nutzung der App bedenkst, dass wir uns zwar bem\u00fchen, sie jederzeit zu aktualisieren und zu korrigieren, dass wir uns aber auf Dritte verlassen, die uns Informationen zur Verf\u00fcgung stellen, damit wir sie dir zur Verf\u00fcgung stellen k\u00f6nnen. LUMAS Art Editions GmbH \u00fcbernimmt keine Haftung f\u00fcr direkte oder indirekte Sch\u00e4den, die dir dadurch entstehen, dass du dich ausschlie\u00dflich auf diese Funktionalit\u00e4t der App verl\u00e4sst.<\/p>\n<p>Es kann sein, dass wir die App irgendwann einmal aktualisieren m\u00f6chten. Die App ist derzeit f\u00fcr iOS verf\u00fcgbar &#8211; die Anforderungen f\u00fcr das System (und f\u00fcr zus\u00e4tzliche Systeme, auf die wir die Verf\u00fcgbarkeit der App ausweiten) k\u00f6nnen sich \u00e4ndern, und du musst die Updates herunterladen, wenn du die App weiterhin nutzen m\u00f6chten. LUMAS Art Editions GmbH kann nicht versprechen, dass die App immer so aktualisiert wird, dass sie f\u00fcr dich relevant ist und\/oder mit der iOS-Version funktioniert, die du auf deinem Ger\u00e4t installiert hast. Du verpflichtest dich jedoch, Aktualisierungen der Anwendung immer zu akzeptieren, wenn sie dir angeboten werden. Wir k\u00f6nnen auch die Bereitstellung der App einstellen und die Nutzung der App jederzeit beenden, ohne dich davon in Kenntnis zu setzen. Sofern wir dir nichts anderes mitteilen, enden bei einer Beendigung (a) die dir in diesen Bedingungen gew\u00e4hrten Rechte und Lizenzen; (b) du musst die Nutzung der App einstellen und sie (falls erforderlich) von deinem Ger\u00e4t l\u00f6schen.<\/p>\n<p><strong>\u00c4nderungen dieser allgemeinen Gesch\u00e4ftsbedingungen<\/strong><\/p>\n<p>Wir k\u00f6nnen unsere Allgemeinen Gesch\u00e4ftsbedingungen von Zeit zu Zeit aktualisieren. Wir empfehlen dir daher, diese Seite in regelm\u00e4\u00dfigen Abst\u00e4nden auf \u00c4nderungen zu \u00fcberpr\u00fcfen. Wir werden dich \u00fcber alle \u00c4nderungen informieren, indem wir die neuen Gesch\u00e4ftsbedingungen auf dieser Seite ver\u00f6ffentlichen.<\/p>\n<p>Diese Bedingungen sind ab dem 14.10.2022 g\u00fcltig.<\/p>\n<p><strong>Kontaktiere uns<\/strong><\/p>\n<p>Wenn du Fragen oder Anregungen zu unseren Allgemeinen Gesch\u00e4ftsbedingungen hast, z\u00f6gere nicht, uns unter support@artstream.com zu kontaktieren.<\/p>\n<style>\n    #site-navigation{\n        display: none!important;\n    }\n    .extern-footer{\n        display:none!important;\n    }\n    .elementor-tab-title{\n\tborder-top: 0.1rem solid #fff !important;\n}\n<\/style>\n","protected":false},"excerpt":{"rendered":"<p>Datenschutz &#038; Allgemeine Gesch\u00e4ftsbedingungen Die LUMAS Art Editions GmbH hat die ARTSTREAM-App als Freemium-App entwickelt. Dieser SERVICE wird von LUMAS Art Editions GmbH kostenlos zur Verf\u00fcgung gestellt und ist f\u00fcr die Nutzung ohne Einschr\u00e4nkungen gedacht. Diese Seite dient dazu, Besucher \u00fcber unsere Richtlinien bez\u00fcglich der Sammlung, Verwendung und Offenlegung von pers\u00f6nlichen Informationen zu informieren, falls &hellip; <\/p>\n<p class=\"link-more\"><a href=\"https:\/\/artstream.com\/de\/privacy-policy-app\/\" class=\"more-link\">Mehr <span class=\"screen-reader-text\">\u00fcber &#8222;privacy-policy-app&#8220; <\/span>Lesen<\/a><\/p>\n","protected":false},"author":214503036,"featured_media":0,"parent":0,"menu_order":0,"comment_status":"closed","ping_status":"closed","template":"elementor_header_footer","meta":{"_crdt_document":"","jetpack_post_was_ever_published":false,"footnotes":""},"class_list":["post-3166","page","type-page","status-publish","hentry"],"translation":{"provider":"WPGlobus","version":"2.12.2","language":"de","enabled_languages":["en","de","fr"],"languages":{"en":{"title":true,"content":true,"excerpt":false},"de":{"title":true,"content":true,"excerpt":false},"fr":{"title":false,"content":false,"excerpt":false}}},"yoast_head":"<!-- This site is optimized with the Yoast SEO plugin v27.3 - https:\/\/yoast.com\/product\/yoast-seo-wordpress\/ -->\n<title>privacy-policy-app - Galerie-Kunst auf deinem TV<\/title>\n<meta name=\"robots\" content=\"index, follow, max-snippet:-1, max-image-preview:large, max-video-preview:-1\" \/>\n<link rel=\"canonical\" href=\"https:\/\/artstream.com\/privacy-policy-app\/\" \/>\n<meta property=\"og:locale\" content=\"de_DE\" \/>\n<meta property=\"og:type\" content=\"article\" \/>\n<meta property=\"og:title\" content=\"privacy-policy-app - Galerie-Kunst auf deinem TV\" \/>\n<meta property=\"og:url\" content=\"https:\/\/artstream.com\/privacy-policy-app\/\" \/>\n<meta property=\"og:site_name\" content=\"Galerie-Kunst auf deinem TV\" \/>\n<meta property=\"article:modified_time\" content=\"2022-10-25T12:28:04+00:00\" \/>\n<meta name=\"twitter:card\" content=\"summary_large_image\" \/>\n<meta name=\"twitter:label1\" content=\"Gesch\u00e4tzte Lesezeit\" \/>\n\t<meta name=\"twitter:data1\" content=\"9\u00a0Minuten\" \/>\n<script type=\"application\/ld+json\" class=\"yoast-schema-graph\">{\"@context\":\"https:\\\/\\\/schema.org\",\"@graph\":[{\"@type\":\"WebPage\",\"@id\":\"https:\\\/\\\/artstream.com\\\/privacy-policy-app\\\/\",\"url\":\"https:\\\/\\\/artstream.com\\\/privacy-policy-app\\\/\",\"name\":\"privacy-policy-app - Galerie-Kunst auf deinem TV\",\"isPartOf\":{\"@id\":\"https:\\\/\\\/artstream.com\\\/de\\\/#website\"},\"datePublished\":\"2022-10-14T09:02:37+00:00\",\"dateModified\":\"2022-10-25T12:28:04+00:00\",\"breadcrumb\":{\"@id\":\"https:\\\/\\\/artstream.com\\\/privacy-policy-app\\\/#breadcrumb\"},\"inLanguage\":\"de\",\"potentialAction\":[{\"@type\":\"ReadAction\",\"target\":[\"https:\\\/\\\/artstream.com\\\/privacy-policy-app\\\/\"]}]},{\"@type\":\"BreadcrumbList\",\"@id\":\"https:\\\/\\\/artstream.com\\\/privacy-policy-app\\\/#breadcrumb\",\"itemListElement\":[{\"@type\":\"ListItem\",\"position\":1,\"name\":\"Home\",\"item\":\"https:\\\/\\\/artstream.com\\\/\"},{\"@type\":\"ListItem\",\"position\":2,\"name\":\"privacy-policy-app\"}]},{\"@type\":\"WebSite\",\"@id\":\"https:\\\/\\\/artstream.com\\\/de\\\/#website\",\"url\":\"https:\\\/\\\/artstream.com\\\/de\\\/\",\"name\":\"Galerie-Kunst auf deinem TV\",\"description\":\"Mit ARTSTREAM genie\u00dft du Galerie-Kunst auf all deinen Bildschirmen. Streame eine Sammlung kuratierter Kunstwerke ganz nach Stimmung und Anlass und entdecke eine unbeschreibliche Vielfalt. \",\"publisher\":{\"@id\":\"https:\\\/\\\/artstream.com\\\/de\\\/#organization\"},\"potentialAction\":[{\"@type\":\"SearchAction\",\"target\":{\"@type\":\"EntryPoint\",\"urlTemplate\":\"https:\\\/\\\/artstream.com\\\/de\\\/?s={search_term_string}\"},\"query-input\":{\"@type\":\"PropertyValueSpecification\",\"valueRequired\":true,\"valueName\":\"search_term_string\"}}],\"inLanguage\":\"de\"},{\"@type\":\"Organization\",\"@id\":\"https:\\\/\\\/artstream.com\\\/de\\\/#organization\",\"name\":\"Galerie-Kunst auf deinem TV\",\"url\":\"https:\\\/\\\/artstream.com\\\/de\\\/\",\"logo\":{\"@type\":\"ImageObject\",\"inLanguage\":\"de\",\"@id\":\"https:\\\/\\\/artstream.com\\\/de\\\/#\\\/schema\\\/logo\\\/image\\\/\",\"url\":\"https:\\\/\\\/i0.wp.com\\\/artstream.com\\\/wp-content\\\/uploads\\\/2022\\\/01\\\/logo-65x65-1.png?fit=65%2C65&ssl=1\",\"contentUrl\":\"https:\\\/\\\/i0.wp.com\\\/artstream.com\\\/wp-content\\\/uploads\\\/2022\\\/01\\\/logo-65x65-1.png?fit=65%2C65&ssl=1\",\"width\":65,\"height\":65,\"caption\":\"Galerie-Kunst auf deinem TV\"},\"image\":{\"@id\":\"https:\\\/\\\/artstream.com\\\/de\\\/#\\\/schema\\\/logo\\\/image\\\/\"}}]}<\/script>\n<!-- \/ Yoast SEO plugin. -->","yoast_head_json":{"title":"privacy-policy-app - Galerie-Kunst auf deinem TV","robots":{"index":"index","follow":"follow","max-snippet":"max-snippet:-1","max-image-preview":"max-image-preview:large","max-video-preview":"max-video-preview:-1"},"canonical":"https:\/\/artstream.com\/privacy-policy-app\/","og_locale":"de_DE","og_type":"article","og_title":"privacy-policy-app - Galerie-Kunst auf deinem TV","og_url":"https:\/\/artstream.com\/privacy-policy-app\/","og_site_name":"Galerie-Kunst auf deinem TV","article_modified_time":"2022-10-25T12:28:04+00:00","twitter_card":"summary_large_image","twitter_misc":{"Gesch\u00e4tzte Lesezeit":"9\u00a0Minuten"},"schema":{"@context":"https:\/\/schema.org","@graph":[{"@type":"WebPage","@id":"https:\/\/artstream.com\/privacy-policy-app\/","url":"https:\/\/artstream.com\/privacy-policy-app\/","name":"privacy-policy-app - Galerie-Kunst auf deinem TV","isPartOf":{"@id":"https:\/\/artstream.com\/de\/#website"},"datePublished":"2022-10-14T09:02:37+00:00","dateModified":"2022-10-25T12:28:04+00:00","breadcrumb":{"@id":"https:\/\/artstream.com\/privacy-policy-app\/#breadcrumb"},"inLanguage":"de","potentialAction":[{"@type":"ReadAction","target":["https:\/\/artstream.com\/privacy-policy-app\/"]}]},{"@type":"BreadcrumbList","@id":"https:\/\/artstream.com\/privacy-policy-app\/#breadcrumb","itemListElement":[{"@type":"ListItem","position":1,"name":"Home","item":"https:\/\/artstream.com\/"},{"@type":"ListItem","position":2,"name":"privacy-policy-app"}]},{"@type":"WebSite","@id":"https:\/\/artstream.com\/de\/#website","url":"https:\/\/artstream.com\/de\/","name":"Galerie-Kunst auf deinem TV","description":"Mit ARTSTREAM genie\u00dft du Galerie-Kunst auf all deinen Bildschirmen. Streame eine Sammlung kuratierter Kunstwerke ganz nach Stimmung und Anlass und entdecke eine unbeschreibliche Vielfalt. ","publisher":{"@id":"https:\/\/artstream.com\/de\/#organization"},"potentialAction":[{"@type":"SearchAction","target":{"@type":"EntryPoint","urlTemplate":"https:\/\/artstream.com\/de\/?s={search_term_string}"},"query-input":{"@type":"PropertyValueSpecification","valueRequired":true,"valueName":"search_term_string"}}],"inLanguage":"de"},{"@type":"Organization","@id":"https:\/\/artstream.com\/de\/#organization","name":"Galerie-Kunst auf deinem TV","url":"https:\/\/artstream.com\/de\/","logo":{"@type":"ImageObject","inLanguage":"de","@id":"https:\/\/artstream.com\/de\/#\/schema\/logo\/image\/","url":"https:\/\/i0.wp.com\/artstream.com\/wp-content\/uploads\/2022\/01\/logo-65x65-1.png?fit=65%2C65&ssl=1","contentUrl":"https:\/\/i0.wp.com\/artstream.com\/wp-content\/uploads\/2022\/01\/logo-65x65-1.png?fit=65%2C65&ssl=1","width":65,"height":65,"caption":"Galerie-Kunst auf deinem TV"},"image":{"@id":"https:\/\/artstream.com\/de\/#\/schema\/logo\/image\/"}}]}},"jetpack_likes_enabled":true,"jetpack_sharing_enabled":true,"jetpack_shortlink":"https:\/\/wp.me\/PdyLxF-P4","featured_media_urls":[],"amp_enabled":false,"_links":{"self":[{"href":"https:\/\/artstream.com\/de\/wp-json\/wp\/v2\/pages\/3166","targetHints":{"allow":["GET"]}}],"collection":[{"href":"https:\/\/artstream.com\/de\/wp-json\/wp\/v2\/pages"}],"about":[{"href":"https:\/\/artstream.com\/de\/wp-json\/wp\/v2\/types\/page"}],"author":[{"embeddable":true,"href":"https:\/\/artstream.com\/de\/wp-json\/wp\/v2\/users\/214503036"}],"replies":[{"embeddable":true,"href":"https:\/\/artstream.com\/de\/wp-json\/wp\/v2\/comments?post=3166"}],"version-history":[{"count":52,"href":"https:\/\/artstream.com\/de\/wp-json\/wp\/v2\/pages\/3166\/revisions"}],"predecessor-version":[{"id":3321,"href":"https:\/\/artstream.com\/de\/wp-json\/wp\/v2\/pages\/3166\/revisions\/3321"}],"wp:attachment":[{"href":"https:\/\/artstream.com\/de\/wp-json\/wp\/v2\/media?parent=3166"}],"curies":[{"name":"wp","href":"https:\/\/api.w.org\/{rel}","templated":true}]}}