{"id":1914,"date":"2022-02-25T15:47:18","date_gmt":"2022-02-25T14:47:18","guid":{"rendered":"https:\/\/artstream.com\/?page_id=1914"},"modified":"2022-12-09T11:48:56","modified_gmt":"2022-12-09T10:48:56","slug":"legal-info","status":"publish","type":"page","link":"https:\/\/artstream.com\/fr\/legal-info\/","title":{"rendered":"Mentions l\u00e9gales"},"content":{"rendered":"<h2>Mentions l\u00e9gales <\/h2>\n<p style=\"font-weight: 400;\">LUMAS Art Editions GmbH est propri\u00e9taire de l\u2019application et du site web <a href=\"http:\/\/www.artstream.com\" rel=\"nofollow\">http:\/\/www.artstream.com<\/a>,<\/p>\n<p style=\"font-weight: 400;\">ARTSTREAM by LUMAS Art Editions GmbH\u00a0<\/p>\n<p style=\"font-weight: 400;\">Ernst-Reuter-Platz 2<\/p>\n<p style=\"font-weight: 400;\">10587 Berlin<\/p>\n<p style=\"font-weight: 400;\">Allemagne<\/p>\n<p style=\"font-weight: 400;\">T\u00e9l. +49 (0)30 30 30 69 69<\/p>\n<p style=\"font-weight: 400;\">E-mail\u00a0: legal@lumas.com<\/p>\n<p style=\"font-weight: 400;\">Registre du commerce\u00a0: Tribunal d\u2019instance de Berlin-Charlottenburg<\/p>\n<p style=\"font-weight: 400;\">RCS\u00a0: HRB 201957<\/p>\n<p style=\"font-weight: 400;\">N\u00b0 de TVA intracommunautaire\u00a0: DE 327075981<\/p>\n<p style=\"font-weight: 400;\">Directeurs g\u00e9n\u00e9raux\u00a0: Marc Alexander Ullrich, Mark Beyer, Michaela Schreiber, Zelda Frauke Vilmar<\/p>\n<p style=\"font-weight: 400;\">Responsable au sens de l\u2019art. \u00a7 55 al. 2 de loi nationale sur les licences de stations de radio et de t\u00e9l\u00e9vision en R\u00e9publique f\u00e9d\u00e9rale d\u2019Allemagne Marc Alexander Ullrich, LUMAS Art Editions GmbH, Ernst-Reuter-Platz 2, 10587 Berlin<\/p>\n<p style=\"font-weight: 400;\">L\u2019e-mail de contact du SERVICE CLIENTS est\u00a0: support@artstream.com.<\/p>\n<p style=\"font-weight: 400;\">Nous te recommandons de lire attentivement ces mentions l\u00e9gales ainsi que les autres politiques d\u2019ARTSTREAM (politique de confidentialit\u00e9, conditions g\u00e9n\u00e9rales d\u2019utilisation) avant d\u2019utiliser notre site et nos services.<\/p>\n<p style=\"font-weight: 400;\">En utilisant ce site web, tu acceptes toutes les conditions contenues dans ces mentions l\u00e9gales ainsi que les autres documents juridiques, et t\u2019engages \u00e0 toujours respecter le droit allemand, en renon\u00e7ant express\u00e9ment \u00e0 toute autre juridiction.<\/p>\n<p style=\"font-weight: 400;\">Garanties et limites de responsabilit\u00e9<\/p>\n<p style=\"font-weight: 400;\">ARTSTREAM fournit des informations et des services par le biais de son site web sans garantie quant \u00e0 l\u2019utilit\u00e9, l\u2019exactitude, l\u2019exhaustivit\u00e9 ou la pertinence du contenu.<\/p>\n<p style=\"font-weight: 400;\">L\u2019utilisateur reconna\u00eet qu\u2019\u00e0 tout moment, l\u2019utilisation du site web a lieu sous sa seule et unique responsabilit\u00e9 et l\u2019accepte express\u00e9ment. En cons\u00e9quence, l\u2019utilisateur s\u2019engage \u00e0 ne pas entreprendre d\u2019actions contraires \u00e0 la loi ou aux conditions contenues dans les pr\u00e9sentes mentions l\u00e9gales, telles que l\u2019acc\u00e8s au site par des syst\u00e8mes m\u00e9caniques, l\u2019introduction de programmes ou d\u2019autres \u00e9l\u00e9ments nuisibles qui pourraient endommager, d\u00e9sactiver ou surcharger le site.<\/p>\n<p style=\"font-weight: 400;\">ARTSTREAM se r\u00e9serve le droit de modifier \u00e0 tout moment et sans pr\u00e9avis les informations, l\u2019apparence et la structure de ce site, ainsi que le droit de supprimer des informations ou de suspendre l\u2019acc\u00e8s au site.<\/p>\n<p style=\"font-weight: 400;\">ARTSTREAM ne garantit nullement\u00a0:<\/p>\n<ol>\n<li style=\"font-weight: 400;\">a) L\u2019absence d\u2019interruptions ou d\u2019erreurs dans l\u2019utilisation du site\u00a0; ARTSTREAM n\u2019est pas non plus responsable des \u00e9ventuels probl\u00e8mes techniques ou d\u00e9fauts li\u00e9s \u00e0 la connexion Internet.<\/li>\n<li style=\"font-weight: 400;\">b) De m\u00eame, le propri\u00e9taire du site exclut toute responsabilit\u00e9 qui pourrait r\u00e9sulter de perturbations, d\u2019omissions et de virus informatiques caus\u00e9s par des origines ext\u00e9rieures au propri\u00e9taire du site, ou de dommages caus\u00e9s par des tiers suite \u00e0 des interventions non autoris\u00e9es \u00e9chappant au contr\u00f4le du propri\u00e9taire du site. L\u2019entreprise ne garantit pas non plus l\u2019absence de virus ou d\u2019autres \u00e9l\u00e9ments nuisibles qui pourraient provoquer des modifications dans les syst\u00e8mes informatiques (mat\u00e9riel et logiciel) de l\u2019utilisateur ou dans ses documents \u00e9lectroniques et fichiers contenus dans les syst\u00e8mes, et exclut donc toute responsabilit\u00e9 pour les dommages caus\u00e9s aux syst\u00e8mes informatiques, documents \u00e9lectroniques et fichiers de l\u2019utilisateur.<\/li>\n<li style=\"font-weight: 400;\">c) Tout hyperlien de tiers renvoyant vers ce site doit \u00eatre li\u00e9 \u00e0 la page principale ou \u00e0 la page d\u2019accueil.<\/li>\n<\/ol>\n<p style=\"font-weight: 400;\">\u00a0<\/p>\n<p style=\"font-weight: 400;\">Tout hyperlien de tiers doit \u00eatre pr\u00e9alablement approuv\u00e9 par \u00e9crit par ARTSTREAM. Par cons\u00e9quent, il n\u2019est pas permis de modifier, de restreindre ou de former n\u2019importe quel type d\u2019opinion sur ce site afin de garantir le respect des dispositions de cette l\u00e9gislation.<\/p>\n<p style=\"font-weight: 400;\">Dans le cas d\u2019hyperliens non contr\u00f4l\u00e9s, ARTSTREAM exclut toute responsabilit\u00e9 quant aux \u00e9ventuels dommages ou cons\u00e9quences r\u00e9sultant de leur utilisation.<\/p>\n<p style=\"font-weight: 400;\">Copyright<\/p>\n<p style=\"font-weight: 400;\">\u00a9 Copyright 2003-2022 LUMAS Art Editions GmbH. Tous droits r\u00e9serv\u00e9s. \u00a9 pour toutes les images des artistes cit\u00e9s, utilisation permise uniquement apr\u00e8s accord contractuel avec LUMAS. \u00a9 pour tous les textes des artistes cit\u00e9s. Aucune partie du site LUMAS ne peut \u00eatre copi\u00e9e, r\u00e9utilis\u00e9e, reproduite, diffus\u00e9e, publi\u00e9e ou utilis\u00e9e de quelque mani\u00e8re que ce soit, sous forme analogique ou num\u00e9rique, sans autorisation \u00e9crite pr\u00e9alable.<\/p>\n<p>L\u2019acc\u00e8s et la navigation sur ce site ou la location et l\u2019utilisation des services qui y sont propos\u00e9s n\u2019impliquent en aucun cas un transfert total ou partiel des droits de propri\u00e9t\u00e9 intellectuelle et industrielle \u00e0 l\u2019utilisateur. Par cons\u00e9quent, l\u2019exercice exclusif de ces droits revient \u00e0 LUMAS Art Editions GmbH, et tout transfert, reproduction, diffusion, communication publique ou modification totale ou partielle sans l\u2019autorisation pr\u00e9alable de l\u2019entreprise est express\u00e9ment interdit.<\/p>\n","protected":false},"excerpt":{"rendered":"<p>Mentions l\u00e9gales LUMAS Art Editions GmbH est propri\u00e9taire de l\u2019application et du site web <a href=\"http:\/\/www.artstream.com\" rel=\"nofollow\">http:\/\/www.artstream.com<\/a>, ARTSTREAM by LUMAS Art Editions GmbH\u00a0 Ernst-Reuter-Platz 2 10587 Berlin Allemagne T\u00e9l. +49 (0)30 30 30 69 69 E-mail\u00a0: <a href=\"mailto:legal@lumas.com\">legal@lumas.com<\/a> Registre du commerce\u00a0: Tribunal d\u2019instance de Berlin-Charlottenburg RCS\u00a0: HRB 201957 N\u00b0 de TVA intracommunautaire\u00a0: DE 327075981 Directeurs g\u00e9n\u00e9raux\u00a0: Marc Alexander &hellip; <\/p>\n<p class=\"link-more\"><a href=\"https:\/\/artstream.com\/fr\/legal-info\/\" class=\"more-link\">Read more<span class=\"screen-reader-text\"> &#8220;Mentions l\u00e9gales&#8221;<\/span><\/a><\/p>\n","protected":false},"author":214503035,"featured_media":0,"parent":0,"menu_order":0,"comment_status":"closed","ping_status":"closed","template":"elementor_header_footer","meta":{"_crdt_document":"","jetpack_post_was_ever_published":false,"footnotes":""},"class_list":["post-1914","page","type-page","status-publish","hentry"],"translation":{"provider":"WPGlobus","version":"2.12.2","language":"fr","enabled_languages":["en","de","fr"],"languages":{"en":{"title":true,"content":true,"excerpt":false},"de":{"title":true,"content":true,"excerpt":false},"fr":{"title":true,"content":true,"excerpt":false}}},"yoast_head":"<!-- This site is optimized with the Yoast SEO plugin v27.3 - https:\/\/yoast.com\/product\/yoast-seo-wordpress\/ -->\n<title>Mentions l\u00e9gales - Artstream<\/title>\n<meta name=\"robots\" content=\"index, follow, max-snippet:-1, max-image-preview:large, max-video-preview:-1\" \/>\n<link rel=\"canonical\" href=\"https:\/\/artstream.com\/legal-info\/\" \/>\n<meta property=\"og:locale\" content=\"fr_FR\" \/>\n<meta property=\"og:type\" content=\"article\" \/>\n<meta property=\"og:title\" content=\"Mentions l\u00e9gales - Artstream\" \/>\n<meta property=\"og:url\" content=\"https:\/\/artstream.com\/legal-info\/\" \/>\n<meta property=\"og:site_name\" content=\"Artstream\" \/>\n<meta property=\"article:modified_time\" content=\"2022-12-09T10:48:56+00:00\" \/>\n<meta name=\"twitter:card\" content=\"summary_large_image\" \/>\n<meta name=\"twitter:label1\" content=\"Dur\u00e9e de lecture estim\u00e9e\" \/>\n\t<meta name=\"twitter:data1\" content=\"4 minutes\" \/>\n<script type=\"application\/ld+json\" class=\"yoast-schema-graph\">{\"@context\":\"https:\\\/\\\/schema.org\",\"@graph\":[{\"@type\":\"WebPage\",\"@id\":\"https:\\\/\\\/artstream.com\\\/legal-info\\\/\",\"url\":\"https:\\\/\\\/artstream.com\\\/legal-info\\\/\",\"name\":\"Mentions l\u00e9gales - Artstream\",\"isPartOf\":{\"@id\":\"https:\\\/\\\/artstream.com\\\/de\\\/#website\"},\"datePublished\":\"2022-02-25T14:47:18+00:00\",\"dateModified\":\"2022-12-09T10:48:56+00:00\",\"breadcrumb\":{\"@id\":\"https:\\\/\\\/artstream.com\\\/legal-info\\\/#breadcrumb\"},\"inLanguage\":\"fr-FR\",\"potentialAction\":[{\"@type\":\"ReadAction\",\"target\":[\"https:\\\/\\\/artstream.com\\\/legal-info\\\/\"]}]},{\"@type\":\"BreadcrumbList\",\"@id\":\"https:\\\/\\\/artstream.com\\\/legal-info\\\/#breadcrumb\",\"itemListElement\":[{\"@type\":\"ListItem\",\"position\":1,\"name\":\"Home\",\"item\":\"https:\\\/\\\/artstream.com\\\/\"},{\"@type\":\"ListItem\",\"position\":2,\"name\":\"Legal info\"}]},{\"@type\":\"WebSite\",\"@id\":\"https:\\\/\\\/artstream.com\\\/de\\\/#website\",\"url\":\"https:\\\/\\\/artstream.com\\\/de\\\/\",\"name\":\"Artstream\",\"description\":\"\",\"publisher\":{\"@id\":\"https:\\\/\\\/artstream.com\\\/de\\\/#organization\"},\"potentialAction\":[{\"@type\":\"SearchAction\",\"target\":{\"@type\":\"EntryPoint\",\"urlTemplate\":\"https:\\\/\\\/artstream.com\\\/de\\\/?s={search_term_string}\"},\"query-input\":{\"@type\":\"PropertyValueSpecification\",\"valueRequired\":true,\"valueName\":\"search_term_string\"}}],\"inLanguage\":\"fr-FR\"},{\"@type\":\"Organization\",\"@id\":\"https:\\\/\\\/artstream.com\\\/de\\\/#organization\",\"name\":\"Artstream\",\"url\":\"https:\\\/\\\/artstream.com\\\/de\\\/\",\"logo\":{\"@type\":\"ImageObject\",\"inLanguage\":\"fr-FR\",\"@id\":\"https:\\\/\\\/artstream.com\\\/de\\\/#\\\/schema\\\/logo\\\/image\\\/\",\"url\":\"https:\\\/\\\/i0.wp.com\\\/artstream.com\\\/wp-content\\\/uploads\\\/2022\\\/01\\\/logo-65x65-1.png?fit=65%2C65&ssl=1\",\"contentUrl\":\"https:\\\/\\\/i0.wp.com\\\/artstream.com\\\/wp-content\\\/uploads\\\/2022\\\/01\\\/logo-65x65-1.png?fit=65%2C65&ssl=1\",\"width\":65,\"height\":65,\"caption\":\"Artstream\"},\"image\":{\"@id\":\"https:\\\/\\\/artstream.com\\\/de\\\/#\\\/schema\\\/logo\\\/image\\\/\"}}]}<\/script>\n<!-- \/ Yoast SEO plugin. -->","yoast_head_json":{"title":"Mentions l\u00e9gales - Artstream","robots":{"index":"index","follow":"follow","max-snippet":"max-snippet:-1","max-image-preview":"max-image-preview:large","max-video-preview":"max-video-preview:-1"},"canonical":"https:\/\/artstream.com\/legal-info\/","og_locale":"fr_FR","og_type":"article","og_title":"Mentions l\u00e9gales - Artstream","og_url":"https:\/\/artstream.com\/legal-info\/","og_site_name":"Artstream","article_modified_time":"2022-12-09T10:48:56+00:00","twitter_card":"summary_large_image","twitter_misc":{"Dur\u00e9e de lecture estim\u00e9e":"4 minutes"},"schema":{"@context":"https:\/\/schema.org","@graph":[{"@type":"WebPage","@id":"https:\/\/artstream.com\/legal-info\/","url":"https:\/\/artstream.com\/legal-info\/","name":"Mentions l\u00e9gales - Artstream","isPartOf":{"@id":"https:\/\/artstream.com\/de\/#website"},"datePublished":"2022-02-25T14:47:18+00:00","dateModified":"2022-12-09T10:48:56+00:00","breadcrumb":{"@id":"https:\/\/artstream.com\/legal-info\/#breadcrumb"},"inLanguage":"fr-FR","potentialAction":[{"@type":"ReadAction","target":["https:\/\/artstream.com\/legal-info\/"]}]},{"@type":"BreadcrumbList","@id":"https:\/\/artstream.com\/legal-info\/#breadcrumb","itemListElement":[{"@type":"ListItem","position":1,"name":"Home","item":"https:\/\/artstream.com\/"},{"@type":"ListItem","position":2,"name":"Legal info"}]},{"@type":"WebSite","@id":"https:\/\/artstream.com\/de\/#website","url":"https:\/\/artstream.com\/de\/","name":"Artstream","description":"","publisher":{"@id":"https:\/\/artstream.com\/de\/#organization"},"potentialAction":[{"@type":"SearchAction","target":{"@type":"EntryPoint","urlTemplate":"https:\/\/artstream.com\/de\/?s={search_term_string}"},"query-input":{"@type":"PropertyValueSpecification","valueRequired":true,"valueName":"search_term_string"}}],"inLanguage":"fr-FR"},{"@type":"Organization","@id":"https:\/\/artstream.com\/de\/#organization","name":"Artstream","url":"https:\/\/artstream.com\/de\/","logo":{"@type":"ImageObject","inLanguage":"fr-FR","@id":"https:\/\/artstream.com\/de\/#\/schema\/logo\/image\/","url":"https:\/\/i0.wp.com\/artstream.com\/wp-content\/uploads\/2022\/01\/logo-65x65-1.png?fit=65%2C65&ssl=1","contentUrl":"https:\/\/i0.wp.com\/artstream.com\/wp-content\/uploads\/2022\/01\/logo-65x65-1.png?fit=65%2C65&ssl=1","width":65,"height":65,"caption":"Artstream"},"image":{"@id":"https:\/\/artstream.com\/de\/#\/schema\/logo\/image\/"}}]}},"jetpack_likes_enabled":true,"jetpack_sharing_enabled":true,"jetpack_shortlink":"https:\/\/wp.me\/PdyLxF-uS","featured_media_urls":[],"amp_enabled":false,"_links":{"self":[{"href":"https:\/\/artstream.com\/fr\/wp-json\/wp\/v2\/pages\/1914","targetHints":{"allow":["GET"]}}],"collection":[{"href":"https:\/\/artstream.com\/fr\/wp-json\/wp\/v2\/pages"}],"about":[{"href":"https:\/\/artstream.com\/fr\/wp-json\/wp\/v2\/types\/page"}],"author":[{"embeddable":true,"href":"https:\/\/artstream.com\/fr\/wp-json\/wp\/v2\/users\/214503035"}],"replies":[{"embeddable":true,"href":"https:\/\/artstream.com\/fr\/wp-json\/wp\/v2\/comments?post=1914"}],"version-history":[{"count":40,"href":"https:\/\/artstream.com\/fr\/wp-json\/wp\/v2\/pages\/1914\/revisions"}],"predecessor-version":[{"id":3766,"href":"https:\/\/artstream.com\/fr\/wp-json\/wp\/v2\/pages\/1914\/revisions\/3766"}],"wp:attachment":[{"href":"https:\/\/artstream.com\/fr\/wp-json\/wp\/v2\/media?parent=1914"}],"curies":[{"name":"wp","href":"https:\/\/api.w.org\/{rel}","templated":true}]}}