{"id":2936,"date":"2022-10-12T10:33:27","date_gmt":"2022-10-12T08:33:27","guid":{"rendered":"https:\/\/artstream.com\/?page_id=2936"},"modified":"2022-12-09T11:43:29","modified_gmt":"2022-12-09T10:43:29","slug":"terms-of-use","status":"publish","type":"page","link":"https:\/\/artstream.com\/fr\/terms-of-use\/","title":{"rendered":"Conditions g\u00e9n\u00e9rales d\u2019utilisation"},"content":{"rendered":"<h2>Conditions g\u00e9n\u00e9rales d\u2019utilisation <\/h2>\n<p style=\"font-weight: 400;\">Tu acceptes \u00e0 tout moment ces conditions \u00e0 chaque fois que tu interagis avec ARTSTREAM\u00a0:<\/p>\n<p style=\"font-weight: 400;\">Tu dois respecter ces conditions (y compris toutes les conditions d\u2019utilisation relatives \u00e0 ARTSTREAM) ainsi que toutes les lois et r\u00e9glementations en vigueur. Seules les informations claires et v\u00e9ridiques peuvent \u00eatre publi\u00e9es sur la plate-forme.<\/p>\n<p style=\"font-weight: 400;\">Il est interdit d\u2019utiliser l\u2019int\u00e9gralit\u00e9 des contenus de la plateforme ARTSTREAM sur des sites tiers ou \u00e0 d\u2019autres fins, y compris commerciales. Il est interdit de photographier, d\u2019enregistrer ou de t\u00e9l\u00e9charger les contenus de la plate-forme. Si ARTSTREAM prend connaissance de ce type de comportement par un utilisateur, ce dernier sera bloqu\u00e9. Pour lever l\u2019interdiction, l\u2019utilisateur concern\u00e9 doit contacter ARTSTREAM. Tous les utilisateurs qui utilisent notre plateforme s\u2019engagent \u00e0 respecter toutes les r\u00e9glementations et obligations l\u00e9gales n\u00e9cessaires, et garantissent avoir atteint l\u2019\u00e2ge l\u00e9gal pour conclure un contrat et utiliser notre plateforme.<\/p>\n<p style=\"font-weight: 400;\">Il est d\u2019interdit d\u2019utiliser la plate-forme ARTSTREAM \u00e0 des fins ill\u00e9gales ou immorales. ARTSTREAM se r\u00e9serve le droit de bloquer ou de supprimer l\u2019adresse e-mail d\u2019un utilisateur qui ne respecterait pas ces conditions d\u2019utilisation ni nos autres textes juridiques, ou encore qui ferait preuve d\u2019un comportement frauduleux.<\/p>\n<p style=\"font-weight: 400;\">ARTSTREAM peut modifier ces politiques ou conditions (et actualiser r\u00e9guli\u00e8rement les pages o\u00f9 elles sont affich\u00e9es).<\/p>\n<p style=\"font-weight: 400;\">Si tu n\u2019es pas d\u2019accord avec une modification (ou l\u2019une de nos politiques), tu dois cesser d\u2019utiliser nos services.<\/p>\n","protected":false},"excerpt":{"rendered":"<p>Conditions g\u00e9n\u00e9rales d\u2019utilisation Tu acceptes \u00e0 tout moment ces conditions \u00e0 chaque fois que tu interagis avec ARTSTREAM\u00a0: Tu dois respecter ces conditions (y compris toutes les conditions d\u2019utilisation relatives \u00e0 ARTSTREAM) ainsi que toutes les lois et r\u00e9glementations en vigueur. Seules les informations claires et v\u00e9ridiques peuvent \u00eatre publi\u00e9es sur la plate-forme. Il est &hellip; <\/p>\n<p class=\"link-more\"><a href=\"https:\/\/artstream.com\/fr\/terms-of-use\/\" class=\"more-link\">Read more<span class=\"screen-reader-text\"> &#8220;Conditions g\u00e9n\u00e9rales d\u2019utilisation&#8221;<\/span><\/a><\/p>\n","protected":false},"author":214503035,"featured_media":0,"parent":0,"menu_order":0,"comment_status":"closed","ping_status":"closed","template":"elementor_header_footer","meta":{"_crdt_document":"","footnotes":""},"class_list":["post-2936","page","type-page","status-publish","hentry"],"translation":{"provider":"WPGlobus","version":"2.12.2","language":"fr","enabled_languages":["en","de","fr"],"languages":{"en":{"title":true,"content":true,"excerpt":false},"de":{"title":true,"content":true,"excerpt":false},"fr":{"title":true,"content":true,"excerpt":false}}},"yoast_head":"<!-- This site is optimized with the Yoast SEO plugin v27.5 - https:\/\/yoast.com\/product\/yoast-seo-wordpress\/ -->\n<title>Conditions g\u00e9n\u00e9rales d\u2019utilisation - Artstream<\/title>\n<meta name=\"robots\" content=\"index, follow, max-snippet:-1, max-image-preview:large, max-video-preview:-1\" \/>\n<link rel=\"canonical\" href=\"https:\/\/artstream.com\/terms-of-use\/\" \/>\n<meta property=\"og:locale\" content=\"fr_FR\" \/>\n<meta property=\"og:type\" content=\"article\" \/>\n<meta property=\"og:title\" content=\"Conditions g\u00e9n\u00e9rales d\u2019utilisation - Artstream\" \/>\n<meta property=\"og:url\" content=\"https:\/\/artstream.com\/terms-of-use\/\" \/>\n<meta property=\"og:site_name\" content=\"Artstream\" \/>\n<meta property=\"article:modified_time\" content=\"2022-12-09T10:43:29+00:00\" \/>\n<meta name=\"twitter:card\" content=\"summary_large_image\" \/>\n<meta name=\"twitter:label1\" content=\"Dur\u00e9e de lecture estim\u00e9e\" \/>\n\t<meta name=\"twitter:data1\" content=\"2 minutes\" \/>\n<script type=\"application\/ld+json\" class=\"yoast-schema-graph\">{\"@context\":\"https:\\\/\\\/schema.org\",\"@graph\":[{\"@type\":\"WebPage\",\"@id\":\"https:\\\/\\\/artstream.com\\\/terms-of-use\\\/\",\"url\":\"https:\\\/\\\/artstream.com\\\/terms-of-use\\\/\",\"name\":\"Conditions g\u00e9n\u00e9rales d\u2019utilisation - Artstream\",\"isPartOf\":{\"@id\":\"https:\\\/\\\/artstream.com\\\/de\\\/#website\"},\"datePublished\":\"2022-10-12T08:33:27+00:00\",\"dateModified\":\"2022-12-09T10:43:29+00:00\",\"breadcrumb\":{\"@id\":\"https:\\\/\\\/artstream.com\\\/terms-of-use\\\/#breadcrumb\"},\"inLanguage\":\"fr-FR\",\"potentialAction\":[{\"@type\":\"ReadAction\",\"target\":[\"https:\\\/\\\/artstream.com\\\/terms-of-use\\\/\"]}]},{\"@type\":\"BreadcrumbList\",\"@id\":\"https:\\\/\\\/artstream.com\\\/terms-of-use\\\/#breadcrumb\",\"itemListElement\":[{\"@type\":\"ListItem\",\"position\":1,\"name\":\"Home\",\"item\":\"https:\\\/\\\/artstream.com\\\/\"},{\"@type\":\"ListItem\",\"position\":2,\"name\":\"Terms of use\"}]},{\"@type\":\"WebSite\",\"@id\":\"https:\\\/\\\/artstream.com\\\/de\\\/#website\",\"url\":\"https:\\\/\\\/artstream.com\\\/de\\\/\",\"name\":\"Artstream\",\"description\":\"\",\"publisher\":{\"@id\":\"https:\\\/\\\/artstream.com\\\/de\\\/#organization\"},\"potentialAction\":[{\"@type\":\"SearchAction\",\"target\":{\"@type\":\"EntryPoint\",\"urlTemplate\":\"https:\\\/\\\/artstream.com\\\/de\\\/?s={search_term_string}\"},\"query-input\":{\"@type\":\"PropertyValueSpecification\",\"valueRequired\":true,\"valueName\":\"search_term_string\"}}],\"inLanguage\":\"fr-FR\"},{\"@type\":\"Organization\",\"@id\":\"https:\\\/\\\/artstream.com\\\/de\\\/#organization\",\"name\":\"Artstream\",\"url\":\"https:\\\/\\\/artstream.com\\\/de\\\/\",\"logo\":{\"@type\":\"ImageObject\",\"inLanguage\":\"fr-FR\",\"@id\":\"https:\\\/\\\/artstream.com\\\/de\\\/#\\\/schema\\\/logo\\\/image\\\/\",\"url\":\"https:\\\/\\\/i0.wp.com\\\/artstream.com\\\/wp-content\\\/uploads\\\/2022\\\/01\\\/logo-65x65-1.png?fit=65%2C65&ssl=1\",\"contentUrl\":\"https:\\\/\\\/i0.wp.com\\\/artstream.com\\\/wp-content\\\/uploads\\\/2022\\\/01\\\/logo-65x65-1.png?fit=65%2C65&ssl=1\",\"width\":65,\"height\":65,\"caption\":\"Artstream\"},\"image\":{\"@id\":\"https:\\\/\\\/artstream.com\\\/de\\\/#\\\/schema\\\/logo\\\/image\\\/\"}}]}<\/script>\n<!-- \/ Yoast SEO plugin. -->","yoast_head_json":{"title":"Conditions g\u00e9n\u00e9rales d\u2019utilisation - Artstream","robots":{"index":"index","follow":"follow","max-snippet":"max-snippet:-1","max-image-preview":"max-image-preview:large","max-video-preview":"max-video-preview:-1"},"canonical":"https:\/\/artstream.com\/terms-of-use\/","og_locale":"fr_FR","og_type":"article","og_title":"Conditions g\u00e9n\u00e9rales d\u2019utilisation - Artstream","og_url":"https:\/\/artstream.com\/terms-of-use\/","og_site_name":"Artstream","article_modified_time":"2022-12-09T10:43:29+00:00","twitter_card":"summary_large_image","twitter_misc":{"Dur\u00e9e de lecture estim\u00e9e":"2 minutes"},"schema":{"@context":"https:\/\/schema.org","@graph":[{"@type":"WebPage","@id":"https:\/\/artstream.com\/terms-of-use\/","url":"https:\/\/artstream.com\/terms-of-use\/","name":"Conditions g\u00e9n\u00e9rales d\u2019utilisation - Artstream","isPartOf":{"@id":"https:\/\/artstream.com\/de\/#website"},"datePublished":"2022-10-12T08:33:27+00:00","dateModified":"2022-12-09T10:43:29+00:00","breadcrumb":{"@id":"https:\/\/artstream.com\/terms-of-use\/#breadcrumb"},"inLanguage":"fr-FR","potentialAction":[{"@type":"ReadAction","target":["https:\/\/artstream.com\/terms-of-use\/"]}]},{"@type":"BreadcrumbList","@id":"https:\/\/artstream.com\/terms-of-use\/#breadcrumb","itemListElement":[{"@type":"ListItem","position":1,"name":"Home","item":"https:\/\/artstream.com\/"},{"@type":"ListItem","position":2,"name":"Terms of use"}]},{"@type":"WebSite","@id":"https:\/\/artstream.com\/de\/#website","url":"https:\/\/artstream.com\/de\/","name":"Artstream","description":"","publisher":{"@id":"https:\/\/artstream.com\/de\/#organization"},"potentialAction":[{"@type":"SearchAction","target":{"@type":"EntryPoint","urlTemplate":"https:\/\/artstream.com\/de\/?s={search_term_string}"},"query-input":{"@type":"PropertyValueSpecification","valueRequired":true,"valueName":"search_term_string"}}],"inLanguage":"fr-FR"},{"@type":"Organization","@id":"https:\/\/artstream.com\/de\/#organization","name":"Artstream","url":"https:\/\/artstream.com\/de\/","logo":{"@type":"ImageObject","inLanguage":"fr-FR","@id":"https:\/\/artstream.com\/de\/#\/schema\/logo\/image\/","url":"https:\/\/i0.wp.com\/artstream.com\/wp-content\/uploads\/2022\/01\/logo-65x65-1.png?fit=65%2C65&ssl=1","contentUrl":"https:\/\/i0.wp.com\/artstream.com\/wp-content\/uploads\/2022\/01\/logo-65x65-1.png?fit=65%2C65&ssl=1","width":65,"height":65,"caption":"Artstream"},"image":{"@id":"https:\/\/artstream.com\/de\/#\/schema\/logo\/image\/"}}]}},"jetpack_likes_enabled":true,"jetpack_sharing_enabled":true,"jetpack_shortlink":"https:\/\/wp.me\/PdyLxF-Lm","featured_media_urls":[],"amp_enabled":false,"_links":{"self":[{"href":"https:\/\/artstream.com\/fr\/wp-json\/wp\/v2\/pages\/2936","targetHints":{"allow":["GET"]}}],"collection":[{"href":"https:\/\/artstream.com\/fr\/wp-json\/wp\/v2\/pages"}],"about":[{"href":"https:\/\/artstream.com\/fr\/wp-json\/wp\/v2\/types\/page"}],"author":[{"embeddable":true,"href":"https:\/\/artstream.com\/fr\/wp-json\/wp\/v2\/users\/214503035"}],"replies":[{"embeddable":true,"href":"https:\/\/artstream.com\/fr\/wp-json\/wp\/v2\/comments?post=2936"}],"version-history":[{"count":35,"href":"https:\/\/artstream.com\/fr\/wp-json\/wp\/v2\/pages\/2936\/revisions"}],"predecessor-version":[{"id":3752,"href":"https:\/\/artstream.com\/fr\/wp-json\/wp\/v2\/pages\/2936\/revisions\/3752"}],"wp:attachment":[{"href":"https:\/\/artstream.com\/fr\/wp-json\/wp\/v2\/media?parent=2936"}],"curies":[{"name":"wp","href":"https:\/\/api.w.org\/{rel}","templated":true}]}}